{"id":3585,"date":"2022-07-20T13:24:05","date_gmt":"2022-07-20T11:24:05","guid":{"rendered":"https:\/\/nettle.pl\/?page_id=3585"},"modified":"2022-07-20T13:24:34","modified_gmt":"2022-07-20T11:24:34","slug":"nettle-pharma","status":"publish","type":"page","link":"https:\/\/nettle.pl\/en\/nettle-pharma\/","title":{"rendered":"Nettle Pharma"},"content":{"rendered":"\t\t<div data-elementor-type=\"wp-page\" data-elementor-id=\"3585\" class=\"elementor elementor-3585\" data-elementor-post-type=\"page\">\n\t\t\t\t\t\t<section class=\"elementor-section elementor-top-section elementor-element elementor-element-2cc802d elementor-section-boxed elementor-section-height-default elementor-section-height-default\" data-id=\"2cc802d\" data-element_type=\"section\" data-settings=\"{&quot;jet_parallax_layout_list&quot;:[{&quot;jet_parallax_layout_image&quot;:{&quot;url&quot;:&quot;&quot;,&quot;id&quot;:&quot;&quot;,&quot;size&quot;:&quot;&quot;},&quot;_id&quot;:&quot;ae84431&quot;,&quot;jet_parallax_layout_image_tablet&quot;:{&quot;url&quot;:&quot;&quot;,&quot;id&quot;:&quot;&quot;,&quot;size&quot;:&quot;&quot;},&quot;jet_parallax_layout_image_mobile&quot;:{&quot;url&quot;:&quot;&quot;,&quot;id&quot;:&quot;&quot;,&quot;size&quot;:&quot;&quot;},&quot;jet_parallax_layout_speed&quot;:{&quot;unit&quot;:&quot;%&quot;,&quot;size&quot;:50,&quot;sizes&quot;:[]},&quot;jet_parallax_layout_type&quot;:&quot;scroll&quot;,&quot;jet_parallax_layout_direction&quot;:null,&quot;jet_parallax_layout_fx_direction&quot;:null,&quot;jet_parallax_layout_z_index&quot;:&quot;&quot;,&quot;jet_parallax_layout_bg_x&quot;:50,&quot;jet_parallax_layout_bg_x_tablet&quot;:&quot;&quot;,&quot;jet_parallax_layout_bg_x_mobile&quot;:&quot;&quot;,&quot;jet_parallax_layout_bg_y&quot;:50,&quot;jet_parallax_layout_bg_y_tablet&quot;:&quot;&quot;,&quot;jet_parallax_layout_bg_y_mobile&quot;:&quot;&quot;,&quot;jet_parallax_layout_bg_size&quot;:&quot;auto&quot;,&quot;jet_parallax_layout_bg_size_tablet&quot;:&quot;&quot;,&quot;jet_parallax_layout_bg_size_mobile&quot;:&quot;&quot;,&quot;jet_parallax_layout_animation_prop&quot;:&quot;transform&quot;,&quot;jet_parallax_layout_on&quot;:[&quot;desktop&quot;,&quot;tablet&quot;]}]}\">\n\t\t\t\t\t\t<div class=\"elementor-container elementor-column-gap-default\">\n\t\t\t\t\t<div class=\"elementor-column elementor-col-100 elementor-top-column elementor-element elementor-element-6c555ca\" data-id=\"6c555ca\" data-element_type=\"column\">\n\t\t\t<div class=\"elementor-widget-wrap elementor-element-populated\">\n\t\t\t\t\t\t<div class=\"elementor-element elementor-element-1c163f5 elementor-widget elementor-widget-heading\" data-id=\"1c163f5\" data-element_type=\"widget\" data-widget_type=\"heading.default\">\n\t\t\t\t<div class=\"elementor-widget-container\">\n\t\t\t<h2 class=\"elementor-heading-title elementor-size-default\">Dodaj tu sw\u00f3j tekst nag\u0142\u00f3wka<\/h2>\t\t<\/div>\n\t\t\t\t<\/div>\n\t\t\t\t\t<\/div>\n\t\t<\/div>\n\t\t\t\t\t<\/div>\n\t\t<\/section>\n\t\t\t\t<\/div>\n\t\t","protected":false},"excerpt":{"rendered":"<p>Dodaj tu sw\u00f3j tekst nag\u0142\u00f3wka<\/p>\n","protected":false},"author":8,"featured_media":0,"parent":0,"menu_order":0,"comment_status":"closed","ping_status":"closed","template":"","meta":{"_acf_changed":false,"footnotes":""},"acf":[],"yoast_head":"<!-- This site is optimized with the Yoast SEO plugin v23.2 - https:\/\/yoast.com\/wordpress\/plugins\/seo\/ -->\n<title>Nettle Pharma - Nettle S.A<\/title>\n<meta name=\"robots\" content=\"index, follow, max-snippet:-1, max-image-preview:large, max-video-preview:-1\" \/>\n<link rel=\"canonical\" href=\"https:\/\/nettle.pl\/en\/nettle-pharma\/\" \/>\n<meta property=\"og:locale\" content=\"en_US\" \/>\n<meta property=\"og:type\" content=\"article\" \/>\n<meta property=\"og:title\" content=\"Nettle Pharma - Nettle S.A\" \/>\n<meta property=\"og:description\" content=\"Dodaj tu sw\u00f3j tekst nag\u0142\u00f3wka\" \/>\n<meta property=\"og:url\" content=\"https:\/\/nettle.pl\/en\/nettle-pharma\/\" \/>\n<meta property=\"og:site_name\" content=\"Nettle S.A\" \/>\n<meta property=\"article:modified_time\" content=\"2022-07-20T11:24:34+00:00\" \/>\n<meta name=\"twitter:card\" content=\"summary_large_image\" \/>\n<meta name=\"twitter:label1\" content=\"Est. reading time\" \/>\n\t<meta name=\"twitter:data1\" content=\"1 minute\" \/>\n<script type=\"application\/ld+json\" class=\"yoast-schema-graph\">{\"@context\":\"https:\/\/schema.org\",\"@graph\":[{\"@type\":\"WebPage\",\"@id\":\"https:\/\/nettle.pl\/en\/nettle-pharma\/\",\"url\":\"https:\/\/nettle.pl\/en\/nettle-pharma\/\",\"name\":\"Nettle Pharma - Nettle S.A\",\"isPartOf\":{\"@id\":\"https:\/\/nettle.pl\/en\/#website\"},\"datePublished\":\"2022-07-20T11:24:05+00:00\",\"dateModified\":\"2022-07-20T11:24:34+00:00\",\"inLanguage\":\"en-US\",\"potentialAction\":[{\"@type\":\"ReadAction\",\"target\":[\"https:\/\/nettle.pl\/en\/nettle-pharma\/\"]}]},{\"@type\":\"WebSite\",\"@id\":\"https:\/\/nettle.pl\/en\/#website\",\"url\":\"https:\/\/nettle.pl\/en\/\",\"name\":\"Nettle S.A\",\"description\":\"\",\"publisher\":{\"@id\":\"https:\/\/nettle.pl\/en\/#organization\"},\"potentialAction\":[{\"@type\":\"SearchAction\",\"target\":{\"@type\":\"EntryPoint\",\"urlTemplate\":\"https:\/\/nettle.pl\/en\/?s={search_term_string}\"},\"query-input\":\"required name=search_term_string\"}],\"inLanguage\":\"en-US\"},{\"@type\":\"Organization\",\"@id\":\"https:\/\/nettle.pl\/en\/#organization\",\"name\":\"Nettle S.A\",\"url\":\"https:\/\/nettle.pl\/en\/\",\"logo\":{\"@type\":\"ImageObject\",\"inLanguage\":\"en-US\",\"@id\":\"https:\/\/nettle.pl\/en\/#\/schema\/logo\/image\/\",\"url\":\"https:\/\/nettle.pl\/wp-content\/uploads\/2020\/10\/Frame.png\",\"contentUrl\":\"https:\/\/nettle.pl\/wp-content\/uploads\/2020\/10\/Frame.png\",\"width\":122,\"height\":12,\"caption\":\"Nettle S.A\"},\"image\":{\"@id\":\"https:\/\/nettle.pl\/en\/#\/schema\/logo\/image\/\"}}]}<\/script>\n<!-- \/ Yoast SEO plugin. -->","yoast_head_json":{"title":"Nettle Pharma - Nettle S.A","robots":{"index":"index","follow":"follow","max-snippet":"max-snippet:-1","max-image-preview":"max-image-preview:large","max-video-preview":"max-video-preview:-1"},"canonical":"https:\/\/nettle.pl\/en\/nettle-pharma\/","og_locale":"en_US","og_type":"article","og_title":"Nettle Pharma - Nettle S.A","og_description":"Dodaj tu sw\u00f3j tekst nag\u0142\u00f3wka","og_url":"https:\/\/nettle.pl\/en\/nettle-pharma\/","og_site_name":"Nettle S.A","article_modified_time":"2022-07-20T11:24:34+00:00","twitter_card":"summary_large_image","twitter_misc":{"Est. reading time":"1 minute"},"schema":{"@context":"https:\/\/schema.org","@graph":[{"@type":"WebPage","@id":"https:\/\/nettle.pl\/en\/nettle-pharma\/","url":"https:\/\/nettle.pl\/en\/nettle-pharma\/","name":"Nettle Pharma - Nettle S.A","isPartOf":{"@id":"https:\/\/nettle.pl\/en\/#website"},"datePublished":"2022-07-20T11:24:05+00:00","dateModified":"2022-07-20T11:24:34+00:00","inLanguage":"en-US","potentialAction":[{"@type":"ReadAction","target":["https:\/\/nettle.pl\/en\/nettle-pharma\/"]}]},{"@type":"WebSite","@id":"https:\/\/nettle.pl\/en\/#website","url":"https:\/\/nettle.pl\/en\/","name":"Nettle S.A","description":"","publisher":{"@id":"https:\/\/nettle.pl\/en\/#organization"},"potentialAction":[{"@type":"SearchAction","target":{"@type":"EntryPoint","urlTemplate":"https:\/\/nettle.pl\/en\/?s={search_term_string}"},"query-input":"required name=search_term_string"}],"inLanguage":"en-US"},{"@type":"Organization","@id":"https:\/\/nettle.pl\/en\/#organization","name":"Nettle S.A","url":"https:\/\/nettle.pl\/en\/","logo":{"@type":"ImageObject","inLanguage":"en-US","@id":"https:\/\/nettle.pl\/en\/#\/schema\/logo\/image\/","url":"https:\/\/nettle.pl\/wp-content\/uploads\/2020\/10\/Frame.png","contentUrl":"https:\/\/nettle.pl\/wp-content\/uploads\/2020\/10\/Frame.png","width":122,"height":12,"caption":"Nettle S.A"},"image":{"@id":"https:\/\/nettle.pl\/en\/#\/schema\/logo\/image\/"}}]}},"_links":{"self":[{"href":"https:\/\/nettle.pl\/en\/wp-json\/wp\/v2\/pages\/3585"}],"collection":[{"href":"https:\/\/nettle.pl\/en\/wp-json\/wp\/v2\/pages"}],"about":[{"href":"https:\/\/nettle.pl\/en\/wp-json\/wp\/v2\/types\/page"}],"author":[{"embeddable":true,"href":"https:\/\/nettle.pl\/en\/wp-json\/wp\/v2\/users\/8"}],"replies":[{"embeddable":true,"href":"https:\/\/nettle.pl\/en\/wp-json\/wp\/v2\/comments?post=3585"}],"version-history":[{"count":3,"href":"https:\/\/nettle.pl\/en\/wp-json\/wp\/v2\/pages\/3585\/revisions"}],"predecessor-version":[{"id":3588,"href":"https:\/\/nettle.pl\/en\/wp-json\/wp\/v2\/pages\/3585\/revisions\/3588"}],"wp:attachment":[{"href":"https:\/\/nettle.pl\/en\/wp-json\/wp\/v2\/media?parent=3585"}],"curies":[{"name":"wp","href":"https:\/\/api.w.org\/{rel}","templated":true}]}}