{"id":8057,"date":"2024-01-05T11:55:42","date_gmt":"2024-01-05T10:55:42","guid":{"rendered":"https:\/\/nettle.pl\/?page_id=8057"},"modified":"2024-01-12T12:47:41","modified_gmt":"2024-01-12T11:47:41","slug":"dyrektor-ds-transportu","status":"publish","type":"page","link":"https:\/\/nettle.pl\/en\/o-nas\/dyrektor-ds-transportu\/","title":{"rendered":"Dyrektor ds.transportu"},"content":{"rendered":"\t\t<div data-elementor-type=\"wp-page\" data-elementor-id=\"8057\" class=\"elementor elementor-8057\" data-elementor-post-type=\"page\">\n\t\t\t\t\t\t<section class=\"elementor-section elementor-top-section elementor-element elementor-element-6ef1419 elementor-section-boxed elementor-section-height-default elementor-section-height-default\" data-id=\"6ef1419\" data-element_type=\"section\" data-settings=\"{&quot;jet_parallax_layout_list&quot;:[{&quot;jet_parallax_layout_image&quot;:{&quot;url&quot;:&quot;&quot;,&quot;id&quot;:&quot;&quot;,&quot;size&quot;:&quot;&quot;},&quot;_id&quot;:&quot;60315bd&quot;,&quot;jet_parallax_layout_image_tablet&quot;:{&quot;url&quot;:&quot;&quot;,&quot;id&quot;:&quot;&quot;,&quot;size&quot;:&quot;&quot;},&quot;jet_parallax_layout_image_mobile&quot;:{&quot;url&quot;:&quot;&quot;,&quot;id&quot;:&quot;&quot;,&quot;size&quot;:&quot;&quot;},&quot;jet_parallax_layout_speed&quot;:{&quot;unit&quot;:&quot;%&quot;,&quot;size&quot;:50,&quot;sizes&quot;:[]},&quot;jet_parallax_layout_type&quot;:&quot;scroll&quot;,&quot;jet_parallax_layout_direction&quot;:null,&quot;jet_parallax_layout_fx_direction&quot;:null,&quot;jet_parallax_layout_z_index&quot;:&quot;&quot;,&quot;jet_parallax_layout_bg_x&quot;:50,&quot;jet_parallax_layout_bg_x_tablet&quot;:&quot;&quot;,&quot;jet_parallax_layout_bg_x_mobile&quot;:&quot;&quot;,&quot;jet_parallax_layout_bg_y&quot;:50,&quot;jet_parallax_layout_bg_y_tablet&quot;:&quot;&quot;,&quot;jet_parallax_layout_bg_y_mobile&quot;:&quot;&quot;,&quot;jet_parallax_layout_bg_size&quot;:&quot;auto&quot;,&quot;jet_parallax_layout_bg_size_tablet&quot;:&quot;&quot;,&quot;jet_parallax_layout_bg_size_mobile&quot;:&quot;&quot;,&quot;jet_parallax_layout_animation_prop&quot;:&quot;transform&quot;,&quot;jet_parallax_layout_on&quot;:[&quot;desktop&quot;,&quot;tablet&quot;]}]}\">\n\t\t\t\t\t\t<div class=\"elementor-container elementor-column-gap-default\">\n\t\t\t\t\t<div class=\"elementor-column elementor-col-100 elementor-top-column elementor-element elementor-element-8404ebe\" data-id=\"8404ebe\" data-element_type=\"column\">\n\t\t\t<div class=\"elementor-widget-wrap elementor-element-populated\">\n\t\t\t\t\t\t<div class=\"elementor-element elementor-element-6c9b39b elementor-icon-list--layout-traditional elementor-list-item-link-full_width elementor-widget elementor-widget-icon-list\" data-id=\"6c9b39b\" data-element_type=\"widget\" data-widget_type=\"icon-list.default\">\n\t\t\t\t<div class=\"elementor-widget-container\">\n\t\t\t\t\t<ul class=\"elementor-icon-list-items\">\n\t\t\t\t\t\t\t<li class=\"elementor-icon-list-item\">\n\t\t\t\t\t\t\t\t\t\t\t<a href=\"http:\/\/nettle.pl\/o-nas\/#rekrutacja\">\n\n\t\t\t\t\t\t\t\t\t\t\t\t<span class=\"elementor-icon-list-icon\">\n\t\t\t\t\t\t\t<i aria-hidden=\"true\" class=\"fas fa-caret-left\"><\/i>\t\t\t\t\t\t<\/span>\n\t\t\t\t\t\t\t\t\t\t<span class=\"elementor-icon-list-text\">Wr\u00f3\u0107<\/span>\n\t\t\t\t\t\t\t\t\t\t\t<\/a>\n\t\t\t\t\t\t\t\t\t<\/li>\n\t\t\t\t\t\t<\/ul>\n\t\t\t\t<\/div>\n\t\t\t\t<\/div>\n\t\t\t\t<section class=\"elementor-section elementor-inner-section elementor-element elementor-element-c2ef502 elementor-section-boxed elementor-section-height-default elementor-section-height-default\" data-id=\"c2ef502\" data-element_type=\"section\" data-settings=\"{&quot;jet_parallax_layout_list&quot;:[{&quot;jet_parallax_layout_image&quot;:{&quot;url&quot;:&quot;&quot;,&quot;id&quot;:&quot;&quot;,&quot;size&quot;:&quot;&quot;},&quot;_id&quot;:&quot;fcc8bee&quot;,&quot;jet_parallax_layout_image_tablet&quot;:{&quot;url&quot;:&quot;&quot;,&quot;id&quot;:&quot;&quot;,&quot;size&quot;:&quot;&quot;},&quot;jet_parallax_layout_image_mobile&quot;:{&quot;url&quot;:&quot;&quot;,&quot;id&quot;:&quot;&quot;,&quot;size&quot;:&quot;&quot;},&quot;jet_parallax_layout_speed&quot;:{&quot;unit&quot;:&quot;%&quot;,&quot;size&quot;:50,&quot;sizes&quot;:[]},&quot;jet_parallax_layout_type&quot;:&quot;scroll&quot;,&quot;jet_parallax_layout_direction&quot;:null,&quot;jet_parallax_layout_fx_direction&quot;:null,&quot;jet_parallax_layout_z_index&quot;:&quot;&quot;,&quot;jet_parallax_layout_bg_x&quot;:50,&quot;jet_parallax_layout_bg_x_tablet&quot;:&quot;&quot;,&quot;jet_parallax_layout_bg_x_mobile&quot;:&quot;&quot;,&quot;jet_parallax_layout_bg_y&quot;:50,&quot;jet_parallax_layout_bg_y_tablet&quot;:&quot;&quot;,&quot;jet_parallax_layout_bg_y_mobile&quot;:&quot;&quot;,&quot;jet_parallax_layout_bg_size&quot;:&quot;auto&quot;,&quot;jet_parallax_layout_bg_size_tablet&quot;:&quot;&quot;,&quot;jet_parallax_layout_bg_size_mobile&quot;:&quot;&quot;,&quot;jet_parallax_layout_animation_prop&quot;:&quot;transform&quot;,&quot;jet_parallax_layout_on&quot;:[&quot;desktop&quot;,&quot;tablet&quot;]}]}\">\n\t\t\t\t\t\t<div class=\"elementor-container elementor-column-gap-default\">\n\t\t\t\t\t<div class=\"elementor-column elementor-col-100 elementor-inner-column elementor-element elementor-element-3ceceff\" data-id=\"3ceceff\" data-element_type=\"column\" data-settings=\"{&quot;background_background&quot;:&quot;classic&quot;}\">\n\t\t\t<div class=\"elementor-widget-wrap elementor-element-populated\">\n\t\t\t\t\t\t<div class=\"elementor-element elementor-element-eba458e elementor-widget elementor-widget-heading\" data-id=\"eba458e\" data-element_type=\"widget\" data-widget_type=\"heading.default\">\n\t\t\t\t<div class=\"elementor-widget-container\">\n\t\t\t<p class=\"elementor-heading-title elementor-size-default\">Dyrektor ds. transportu<\/p>\t\t<\/div>\n\t\t\t\t<\/div>\n\t\t\t\t<div class=\"elementor-element elementor-element-abe4951 elementor-widget elementor-widget-text-editor\" data-id=\"abe4951\" data-element_type=\"widget\" data-widget_type=\"text-editor.default\">\n\t\t\t\t<div class=\"elementor-widget-container\">\n\t\t\t\t\t\t\t<p><strong>Bran\u017ca farmacutyczna<\/strong><\/p><p>(miejsce pracy: Wroc\u0142aw lub Warszawa)<\/p>\t\t\t\t\t\t<\/div>\n\t\t\t\t<\/div>\n\t\t\t\t<div class=\"elementor-element elementor-element-b6344dc elementor-widget elementor-widget-text-editor\" data-id=\"b6344dc\" data-element_type=\"widget\" data-widget_type=\"text-editor.default\">\n\t\t\t\t<div class=\"elementor-widget-container\">\n\t\t\t\t\t\t\t<p><strong>Zakres obowi\u0105zk\u00f3w:<\/strong><\/p>\n<ol>\n<li>Zarz\u0105dzanie i nadz\u00f3r nad operacjami transportu farmaceutycznego (w tym planowanie tras, organizacja przewoz\u00f3w oraz monitorowanie dostaw).&nbsp;<\/li>\n<li>Zapewnienie zgodno\u015bci z wszelkimi normami i regulacjami dotycz\u0105cymi transportu farmaceutycznego (w tym przestrzeganie zasad DPD).<\/li>\n<li>Wsp\u00f3\u0142praca z przewo\u017anikami i partnerami zewn\u0119trznymi w celu optymalizacji proces\u00f3w transportu i utrzymania wysokich standard\u00f3w bezpiecze\u0144stwa, negocjacje warunk\u00f3w um\u00f3w z przewo\u017anikami.<\/li>\n<li>Opracowywanie i wdra\u017canie strategii transportu farmaceutycznego zgodnie z celami firmy.<\/li>\n<li>Odpowiedzialno\u015b\u0107 za przygotowanie i realizacj\u0119 bud\u017cetu obszaru transportu.<\/li>\n<li>Monitorowanie i analiza wska\u017anik\u00f3w kluczowych wydajno\u015bci zwi\u0105zanych z operacjami transportu, identyfikowanie obszar\u00f3w poprawy i wprowadzanie odpowiednich dzia\u0142a\u0144.<\/li>\n<li>Zarz\u0105dzanie zespo\u0142em pracownik\u00f3w odpowiedzialnych za operacje transportowe.<\/li>\n<li>Proponowanie i wdra\u017canie (wraz z podleg\u0142ym zespo\u0142em) najbardziej efektywnych rozwi\u0105za\u0144 na \u015bwiadczenie us\u0142ug transportowych.<\/li>\n<\/ol>\n<p><strong>Wymagania:<\/strong><\/p>\n<ol>\n<li>Do\u015bwiadczenie zawodowe na stanowisku kierowniczym w dziale transportu farmaceutycznego lub bran\u017c pokrewnych.<\/li>\n<li>Znajomo\u015b\u0107 przepis\u00f3w i norm dotycz\u0105cych transportu farmaceutycznego.<\/li>\n<li>Umiej\u0119tno\u015b\u0107 skutecznego zarz\u0105dzania zespo\u0142em i wsp\u00f3\u0142pracy z r\u00f3\u017cnymi interesariuszami.<\/li>\n<li>Znajomo\u015b\u0107 wska\u017anik\u00f3w efektywno\u015bci i narz\u0119dzi usprawniaj\u0105cych procesy logistyczne oraz praktyka w stosowaniu metod analizy koszt\u00f3w i jako\u015bci w obszarze transportu.<\/li>\n<li>Umiej\u0119tno\u015b\u0107 my\u015blenia strategicznego i organizacyjnego oraz zdolno\u015bci analityczne.<\/li>\n<li>Komunikatywno\u015b\u0107 oraz umiej\u0119tno\u015b\u0107 podejmowania decyzji w dynamicznym \u015brodowisku.<\/li>\n<li>Wykszta\u0142cenie wy\u017csze (preferowane kierunki zwi\u0105zane z logistyk\u0105, zarz\u0105dzaniem operacjami lub podobne).<\/li>\n<\/ol>\n<p><strong>Oferujemy:<\/strong><\/p>\n<ol>\n<li>Stabilne zatrudnienie i konkurencyjne wynagrodzenie.<\/li>\n<li>Mo\u017cliwo\u015b\u0107 implementacji w\u0142asnych pomys\u0142\u00f3w i rozwi\u0105za\u0144.<\/li>\n<li>Pakiet benefit\u00f3w, w tym prywatna opieka zdrowotna.<\/li>\n<li>Mo\u017cliwo\u015b\u0107 rozwoju zawodowego i awansu w strukturach organizacyjnych.<\/li>\n<li>Przyjazn\u0105 atmosfer\u0119 pracy i profesjonalny zesp\u00f3\u0142.<\/li>\n<\/ol>\t\t\t\t\t\t<\/div>\n\t\t\t\t<\/div>\n\t\t\t\t<div class=\"elementor-element elementor-element-99e3585 elementor-align-center elementor-widget elementor-widget-button\" data-id=\"99e3585\" data-element_type=\"widget\" data-widget_type=\"button.default\">\n\t\t\t\t<div class=\"elementor-widget-container\">\n\t\t\t\t\t<div class=\"elementor-button-wrapper\">\n\t\t\t<a class=\"elementor-button elementor-button-link elementor-size-sm\" href=\"https:\/\/system.erecruiter.pl\/FormTemplates\/RecruitmentForm.aspx?WebID=565ac0403cad4e82bc6c283b7f89626f\" target=\"_blank\" rel=\"nofollow\">\n\t\t\t\t\t\t<span class=\"elementor-button-content-wrapper\">\n\t\t\t\t\t\t\t\t\t<span class=\"elementor-button-text\">APLIKUJ<\/span>\n\t\t\t\t\t<\/span>\n\t\t\t\t\t<\/a>\n\t\t<\/div>\n\t\t\t\t<\/div>\n\t\t\t\t<\/div>\n\t\t\t\t\t<\/div>\n\t\t<\/div>\n\t\t\t\t\t<\/div>\n\t\t<\/section>\n\t\t\t\t\t<\/div>\n\t\t<\/div>\n\t\t\t\t\t<\/div>\n\t\t<\/section>\n\t\t\t\t<\/div>\n\t\t","protected":false},"excerpt":{"rendered":"<p>Wr\u00f3\u0107 Dyrektor ds. transportu Bran\u017ca farmacutyczna (miejsce pracy: Wroc\u0142aw lub Warszawa) Zakres obowi\u0105zk\u00f3w: Zarz\u0105dzanie i nadz\u00f3r nad operacjami transportu farmaceutycznego (w tym planowanie tras, organizacja przewoz\u00f3w oraz monitorowanie dostaw).&nbsp; Zapewnienie zgodno\u015bci z wszelkimi normami i regulacjami dotycz\u0105cymi transportu farmaceutycznego (w tym przestrzeganie zasad DPD). Wsp\u00f3\u0142praca z przewo\u017anikami i partnerami zewn\u0119trznymi w celu optymalizacji proces\u00f3w transportu [&hellip;]<\/p>\n","protected":false},"author":8,"featured_media":0,"parent":10,"menu_order":0,"comment_status":"closed","ping_status":"closed","template":"","meta":{"_acf_changed":false,"footnotes":""},"acf":[],"yoast_head":"<!-- This site is optimized with the Yoast SEO plugin v23.2 - https:\/\/yoast.com\/wordpress\/plugins\/seo\/ -->\n<title>Dyrektor ds.transportu - Nettle S.A<\/title>\n<meta name=\"robots\" content=\"index, follow, max-snippet:-1, max-image-preview:large, max-video-preview:-1\" \/>\n<link rel=\"canonical\" href=\"https:\/\/nettle.pl\/en\/o-nas\/dyrektor-ds-transportu\/\" \/>\n<meta property=\"og:locale\" content=\"en_US\" \/>\n<meta property=\"og:type\" content=\"article\" \/>\n<meta property=\"og:title\" content=\"Dyrektor ds.transportu - Nettle S.A\" \/>\n<meta property=\"og:description\" content=\"Wr\u00f3\u0107 Dyrektor ds. transportu Bran\u017ca farmacutyczna (miejsce pracy: Wroc\u0142aw lub Warszawa) Zakres obowi\u0105zk\u00f3w: Zarz\u0105dzanie i nadz\u00f3r nad operacjami transportu farmaceutycznego (w tym planowanie tras, organizacja przewoz\u00f3w oraz monitorowanie dostaw).&nbsp; Zapewnienie zgodno\u015bci z wszelkimi normami i regulacjami dotycz\u0105cymi transportu farmaceutycznego (w tym przestrzeganie zasad DPD). Wsp\u00f3\u0142praca z przewo\u017anikami i partnerami zewn\u0119trznymi w celu optymalizacji proces\u00f3w transportu [&hellip;]\" \/>\n<meta property=\"og:url\" content=\"https:\/\/nettle.pl\/en\/o-nas\/dyrektor-ds-transportu\/\" \/>\n<meta property=\"og:site_name\" content=\"Nettle S.A\" \/>\n<meta property=\"article:modified_time\" content=\"2024-01-12T11:47:41+00:00\" \/>\n<meta name=\"twitter:card\" content=\"summary_large_image\" \/>\n<meta name=\"twitter:label1\" content=\"Est. reading time\" \/>\n\t<meta name=\"twitter:data1\" content=\"2 minutes\" \/>\n<script type=\"application\/ld+json\" class=\"yoast-schema-graph\">{\"@context\":\"https:\/\/schema.org\",\"@graph\":[{\"@type\":\"WebPage\",\"@id\":\"https:\/\/nettle.pl\/en\/o-nas\/dyrektor-ds-transportu\/\",\"url\":\"https:\/\/nettle.pl\/en\/o-nas\/dyrektor-ds-transportu\/\",\"name\":\"Dyrektor ds.transportu - Nettle S.A\",\"isPartOf\":{\"@id\":\"https:\/\/nettle.pl\/en\/#website\"},\"datePublished\":\"2024-01-05T10:55:42+00:00\",\"dateModified\":\"2024-01-12T11:47:41+00:00\",\"breadcrumb\":{\"@id\":\"https:\/\/nettle.pl\/en\/o-nas\/dyrektor-ds-transportu\/#breadcrumb\"},\"inLanguage\":\"en-US\",\"potentialAction\":[{\"@type\":\"ReadAction\",\"target\":[\"https:\/\/nettle.pl\/en\/o-nas\/dyrektor-ds-transportu\/\"]}]},{\"@type\":\"BreadcrumbList\",\"@id\":\"https:\/\/nettle.pl\/en\/o-nas\/dyrektor-ds-transportu\/#breadcrumb\",\"itemListElement\":[{\"@type\":\"ListItem\",\"position\":1,\"name\":\"O Nas\",\"item\":\"https:\/\/nettle.pl\/en\/o-nas\/\"},{\"@type\":\"ListItem\",\"position\":2,\"name\":\"Dyrektor ds.transportu\"}]},{\"@type\":\"WebSite\",\"@id\":\"https:\/\/nettle.pl\/en\/#website\",\"url\":\"https:\/\/nettle.pl\/en\/\",\"name\":\"Nettle S.A\",\"description\":\"\",\"publisher\":{\"@id\":\"https:\/\/nettle.pl\/en\/#organization\"},\"potentialAction\":[{\"@type\":\"SearchAction\",\"target\":{\"@type\":\"EntryPoint\",\"urlTemplate\":\"https:\/\/nettle.pl\/en\/?s={search_term_string}\"},\"query-input\":\"required name=search_term_string\"}],\"inLanguage\":\"en-US\"},{\"@type\":\"Organization\",\"@id\":\"https:\/\/nettle.pl\/en\/#organization\",\"name\":\"Nettle S.A\",\"url\":\"https:\/\/nettle.pl\/en\/\",\"logo\":{\"@type\":\"ImageObject\",\"inLanguage\":\"en-US\",\"@id\":\"https:\/\/nettle.pl\/en\/#\/schema\/logo\/image\/\",\"url\":\"https:\/\/nettle.pl\/wp-content\/uploads\/2020\/10\/Frame.png\",\"contentUrl\":\"https:\/\/nettle.pl\/wp-content\/uploads\/2020\/10\/Frame.png\",\"width\":122,\"height\":12,\"caption\":\"Nettle S.A\"},\"image\":{\"@id\":\"https:\/\/nettle.pl\/en\/#\/schema\/logo\/image\/\"}}]}<\/script>\n<!-- \/ Yoast SEO plugin. -->","yoast_head_json":{"title":"Dyrektor ds.transportu - Nettle S.A","robots":{"index":"index","follow":"follow","max-snippet":"max-snippet:-1","max-image-preview":"max-image-preview:large","max-video-preview":"max-video-preview:-1"},"canonical":"https:\/\/nettle.pl\/en\/o-nas\/dyrektor-ds-transportu\/","og_locale":"en_US","og_type":"article","og_title":"Dyrektor ds.transportu - Nettle S.A","og_description":"Wr\u00f3\u0107 Dyrektor ds. transportu Bran\u017ca farmacutyczna (miejsce pracy: Wroc\u0142aw lub Warszawa) Zakres obowi\u0105zk\u00f3w: Zarz\u0105dzanie i nadz\u00f3r nad operacjami transportu farmaceutycznego (w tym planowanie tras, organizacja przewoz\u00f3w oraz monitorowanie dostaw).&nbsp; Zapewnienie zgodno\u015bci z wszelkimi normami i regulacjami dotycz\u0105cymi transportu farmaceutycznego (w tym przestrzeganie zasad DPD). Wsp\u00f3\u0142praca z przewo\u017anikami i partnerami zewn\u0119trznymi w celu optymalizacji proces\u00f3w transportu [&hellip;]","og_url":"https:\/\/nettle.pl\/en\/o-nas\/dyrektor-ds-transportu\/","og_site_name":"Nettle S.A","article_modified_time":"2024-01-12T11:47:41+00:00","twitter_card":"summary_large_image","twitter_misc":{"Est. reading time":"2 minutes"},"schema":{"@context":"https:\/\/schema.org","@graph":[{"@type":"WebPage","@id":"https:\/\/nettle.pl\/en\/o-nas\/dyrektor-ds-transportu\/","url":"https:\/\/nettle.pl\/en\/o-nas\/dyrektor-ds-transportu\/","name":"Dyrektor ds.transportu - Nettle S.A","isPartOf":{"@id":"https:\/\/nettle.pl\/en\/#website"},"datePublished":"2024-01-05T10:55:42+00:00","dateModified":"2024-01-12T11:47:41+00:00","breadcrumb":{"@id":"https:\/\/nettle.pl\/en\/o-nas\/dyrektor-ds-transportu\/#breadcrumb"},"inLanguage":"en-US","potentialAction":[{"@type":"ReadAction","target":["https:\/\/nettle.pl\/en\/o-nas\/dyrektor-ds-transportu\/"]}]},{"@type":"BreadcrumbList","@id":"https:\/\/nettle.pl\/en\/o-nas\/dyrektor-ds-transportu\/#breadcrumb","itemListElement":[{"@type":"ListItem","position":1,"name":"O Nas","item":"https:\/\/nettle.pl\/en\/o-nas\/"},{"@type":"ListItem","position":2,"name":"Dyrektor ds.transportu"}]},{"@type":"WebSite","@id":"https:\/\/nettle.pl\/en\/#website","url":"https:\/\/nettle.pl\/en\/","name":"Nettle S.A","description":"","publisher":{"@id":"https:\/\/nettle.pl\/en\/#organization"},"potentialAction":[{"@type":"SearchAction","target":{"@type":"EntryPoint","urlTemplate":"https:\/\/nettle.pl\/en\/?s={search_term_string}"},"query-input":"required name=search_term_string"}],"inLanguage":"en-US"},{"@type":"Organization","@id":"https:\/\/nettle.pl\/en\/#organization","name":"Nettle S.A","url":"https:\/\/nettle.pl\/en\/","logo":{"@type":"ImageObject","inLanguage":"en-US","@id":"https:\/\/nettle.pl\/en\/#\/schema\/logo\/image\/","url":"https:\/\/nettle.pl\/wp-content\/uploads\/2020\/10\/Frame.png","contentUrl":"https:\/\/nettle.pl\/wp-content\/uploads\/2020\/10\/Frame.png","width":122,"height":12,"caption":"Nettle S.A"},"image":{"@id":"https:\/\/nettle.pl\/en\/#\/schema\/logo\/image\/"}}]}},"_links":{"self":[{"href":"https:\/\/nettle.pl\/en\/wp-json\/wp\/v2\/pages\/8057"}],"collection":[{"href":"https:\/\/nettle.pl\/en\/wp-json\/wp\/v2\/pages"}],"about":[{"href":"https:\/\/nettle.pl\/en\/wp-json\/wp\/v2\/types\/page"}],"author":[{"embeddable":true,"href":"https:\/\/nettle.pl\/en\/wp-json\/wp\/v2\/users\/8"}],"replies":[{"embeddable":true,"href":"https:\/\/nettle.pl\/en\/wp-json\/wp\/v2\/comments?post=8057"}],"version-history":[{"count":5,"href":"https:\/\/nettle.pl\/en\/wp-json\/wp\/v2\/pages\/8057\/revisions"}],"predecessor-version":[{"id":8184,"href":"https:\/\/nettle.pl\/en\/wp-json\/wp\/v2\/pages\/8057\/revisions\/8184"}],"up":[{"embeddable":true,"href":"https:\/\/nettle.pl\/en\/wp-json\/wp\/v2\/pages\/10"}],"wp:attachment":[{"href":"https:\/\/nettle.pl\/en\/wp-json\/wp\/v2\/media?parent=8057"}],"curies":[{"name":"wp","href":"https:\/\/api.w.org\/{rel}","templated":true}]}}