{"id":8077,"date":"2024-01-05T12:28:57","date_gmt":"2024-01-05T11:28:57","guid":{"rendered":"https:\/\/nettle.pl\/?page_id=8077"},"modified":"2024-01-05T13:38:05","modified_gmt":"2024-01-05T12:38:05","slug":"przewoznik","status":"publish","type":"page","link":"https:\/\/nettle.pl\/en\/o-nas\/przewoznik\/","title":{"rendered":"Przewo\u017anik"},"content":{"rendered":"\t\t<div data-elementor-type=\"wp-page\" data-elementor-id=\"8077\" class=\"elementor elementor-8077\" data-elementor-post-type=\"page\">\n\t\t\t\t\t\t<section class=\"elementor-section elementor-top-section elementor-element elementor-element-6ef1419 elementor-section-boxed elementor-section-height-default elementor-section-height-default\" data-id=\"6ef1419\" data-element_type=\"section\" data-settings=\"{&quot;jet_parallax_layout_list&quot;:[{&quot;jet_parallax_layout_image&quot;:{&quot;url&quot;:&quot;&quot;,&quot;id&quot;:&quot;&quot;,&quot;size&quot;:&quot;&quot;},&quot;_id&quot;:&quot;60315bd&quot;,&quot;jet_parallax_layout_image_tablet&quot;:{&quot;url&quot;:&quot;&quot;,&quot;id&quot;:&quot;&quot;,&quot;size&quot;:&quot;&quot;},&quot;jet_parallax_layout_image_mobile&quot;:{&quot;url&quot;:&quot;&quot;,&quot;id&quot;:&quot;&quot;,&quot;size&quot;:&quot;&quot;},&quot;jet_parallax_layout_speed&quot;:{&quot;unit&quot;:&quot;%&quot;,&quot;size&quot;:50,&quot;sizes&quot;:[]},&quot;jet_parallax_layout_type&quot;:&quot;scroll&quot;,&quot;jet_parallax_layout_direction&quot;:null,&quot;jet_parallax_layout_fx_direction&quot;:null,&quot;jet_parallax_layout_z_index&quot;:&quot;&quot;,&quot;jet_parallax_layout_bg_x&quot;:50,&quot;jet_parallax_layout_bg_x_tablet&quot;:&quot;&quot;,&quot;jet_parallax_layout_bg_x_mobile&quot;:&quot;&quot;,&quot;jet_parallax_layout_bg_y&quot;:50,&quot;jet_parallax_layout_bg_y_tablet&quot;:&quot;&quot;,&quot;jet_parallax_layout_bg_y_mobile&quot;:&quot;&quot;,&quot;jet_parallax_layout_bg_size&quot;:&quot;auto&quot;,&quot;jet_parallax_layout_bg_size_tablet&quot;:&quot;&quot;,&quot;jet_parallax_layout_bg_size_mobile&quot;:&quot;&quot;,&quot;jet_parallax_layout_animation_prop&quot;:&quot;transform&quot;,&quot;jet_parallax_layout_on&quot;:[&quot;desktop&quot;,&quot;tablet&quot;]}]}\">\n\t\t\t\t\t\t<div class=\"elementor-container elementor-column-gap-default\">\n\t\t\t\t\t<div class=\"elementor-column elementor-col-100 elementor-top-column elementor-element elementor-element-8404ebe\" data-id=\"8404ebe\" data-element_type=\"column\">\n\t\t\t<div class=\"elementor-widget-wrap elementor-element-populated\">\n\t\t\t\t\t\t<div class=\"elementor-element elementor-element-6c9b39b elementor-icon-list--layout-traditional elementor-list-item-link-full_width elementor-widget elementor-widget-icon-list\" data-id=\"6c9b39b\" data-element_type=\"widget\" data-widget_type=\"icon-list.default\">\n\t\t\t\t<div class=\"elementor-widget-container\">\n\t\t\t\t\t<ul class=\"elementor-icon-list-items\">\n\t\t\t\t\t\t\t<li class=\"elementor-icon-list-item\">\n\t\t\t\t\t\t\t\t\t\t\t<a href=\"http:\/\/nettle.pl\/o-nas\/#rekrutacja\">\n\n\t\t\t\t\t\t\t\t\t\t\t\t<span class=\"elementor-icon-list-icon\">\n\t\t\t\t\t\t\t<i aria-hidden=\"true\" class=\"fas fa-caret-left\"><\/i>\t\t\t\t\t\t<\/span>\n\t\t\t\t\t\t\t\t\t\t<span class=\"elementor-icon-list-text\">Wr\u00f3\u0107<\/span>\n\t\t\t\t\t\t\t\t\t\t\t<\/a>\n\t\t\t\t\t\t\t\t\t<\/li>\n\t\t\t\t\t\t<\/ul>\n\t\t\t\t<\/div>\n\t\t\t\t<\/div>\n\t\t\t\t<section class=\"elementor-section elementor-inner-section elementor-element elementor-element-c2ef502 elementor-section-boxed elementor-section-height-default elementor-section-height-default\" data-id=\"c2ef502\" data-element_type=\"section\" data-settings=\"{&quot;jet_parallax_layout_list&quot;:[{&quot;jet_parallax_layout_image&quot;:{&quot;url&quot;:&quot;&quot;,&quot;id&quot;:&quot;&quot;,&quot;size&quot;:&quot;&quot;},&quot;_id&quot;:&quot;fcc8bee&quot;,&quot;jet_parallax_layout_image_tablet&quot;:{&quot;url&quot;:&quot;&quot;,&quot;id&quot;:&quot;&quot;,&quot;size&quot;:&quot;&quot;},&quot;jet_parallax_layout_image_mobile&quot;:{&quot;url&quot;:&quot;&quot;,&quot;id&quot;:&quot;&quot;,&quot;size&quot;:&quot;&quot;},&quot;jet_parallax_layout_speed&quot;:{&quot;unit&quot;:&quot;%&quot;,&quot;size&quot;:50,&quot;sizes&quot;:[]},&quot;jet_parallax_layout_type&quot;:&quot;scroll&quot;,&quot;jet_parallax_layout_direction&quot;:null,&quot;jet_parallax_layout_fx_direction&quot;:null,&quot;jet_parallax_layout_z_index&quot;:&quot;&quot;,&quot;jet_parallax_layout_bg_x&quot;:50,&quot;jet_parallax_layout_bg_x_tablet&quot;:&quot;&quot;,&quot;jet_parallax_layout_bg_x_mobile&quot;:&quot;&quot;,&quot;jet_parallax_layout_bg_y&quot;:50,&quot;jet_parallax_layout_bg_y_tablet&quot;:&quot;&quot;,&quot;jet_parallax_layout_bg_y_mobile&quot;:&quot;&quot;,&quot;jet_parallax_layout_bg_size&quot;:&quot;auto&quot;,&quot;jet_parallax_layout_bg_size_tablet&quot;:&quot;&quot;,&quot;jet_parallax_layout_bg_size_mobile&quot;:&quot;&quot;,&quot;jet_parallax_layout_animation_prop&quot;:&quot;transform&quot;,&quot;jet_parallax_layout_on&quot;:[&quot;desktop&quot;,&quot;tablet&quot;]}]}\">\n\t\t\t\t\t\t<div class=\"elementor-container elementor-column-gap-default\">\n\t\t\t\t\t<div class=\"elementor-column elementor-col-100 elementor-inner-column elementor-element elementor-element-3ceceff\" data-id=\"3ceceff\" data-element_type=\"column\" data-settings=\"{&quot;background_background&quot;:&quot;classic&quot;}\">\n\t\t\t<div class=\"elementor-widget-wrap elementor-element-populated\">\n\t\t\t\t\t\t<div class=\"elementor-element elementor-element-eba458e elementor-widget elementor-widget-heading\" data-id=\"eba458e\" data-element_type=\"widget\" data-widget_type=\"heading.default\">\n\t\t\t\t<div class=\"elementor-widget-container\">\n\t\t\t<p class=\"elementor-heading-title elementor-size-default\">Przewo\u017anik<\/p>\t\t<\/div>\n\t\t\t\t<\/div>\n\t\t\t\t<div class=\"elementor-element elementor-element-abe4951 elementor-widget elementor-widget-text-editor\" data-id=\"abe4951\" data-element_type=\"widget\" data-widget_type=\"text-editor.default\">\n\t\t\t\t<div class=\"elementor-widget-container\">\n\t\t\t\t\t\t\t<p><strong>Bran\u017ca farmacutyczna<\/strong><\/p><p>( miejsce pracy: ca\u0142a Polska)<\/p>\t\t\t\t\t\t<\/div>\n\t\t\t\t<\/div>\n\t\t\t\t<div class=\"elementor-element elementor-element-b6344dc elementor-widget elementor-widget-text-editor\" data-id=\"b6344dc\" data-element_type=\"widget\" data-widget_type=\"text-editor.default\">\n\t\t\t\t<div class=\"elementor-widget-container\">\n\t\t\t\t\t\t\t<p>Sta\u0142a wsp\u00f3\u0142praca z przewo\u017anikiem \u2013 transport lek\u00f3w.<\/p><p><b>Poszukujemy na region<\/b> :\u00a0<\/p><p>ca\u0142a Polska<\/p><p>Jeste\u015bmy przedsi\u0119biorstwem specjalizuj\u0105cym si\u0119 w us\u0142ugach logistycznych dla bran\u017cy farmaceutycznej na terenie Polski.<\/p><p>Realizujemy dostawy dla klient\u00f3w hurtowymi farmaceutycznych, aptek, szpitali, gabinet\u00f3w lekarskich oraz pacjent\u00f3w indywidualnych. W zwi\u0105zku z dynamicznym rozwojem firmy poszukujemy przewo\u017anik\u00f3w do wsp\u00f3\u0142pracy.<\/p><p><b>Oferujemy:<\/b><\/p><p>&#8211; stabilne warunki wsp\u00f3\u0142pracy,<\/p><p>&#8211; szybkie terminy p\u0142atno\u015bci za wykonane us\u0142ugi.<\/p><p>&#8211; Zapewniamy pomoc przy wdro\u017ceniu \u2013 doradztwo w trakcie przygotowania odpowiednich \u015brodk\u00f3w transportu, wyposa\u017cenie i szkolenie kierowc\u00f3w.<\/p><p><b>Wymagania:<\/b><\/p><p>\u2022 prowadzenie w\u0142asnej dzia\u0142alno\u015bci gospodarczej<\/p><p>\u2022 posiadanie samochodu typu ch\u0142odnia zapewniaj\u0105cego warunki transportu w temperaturach 15-25\u00b0C bez wzgl\u0119du na warunki panuj\u0105ce na zewn\u0105trz pojazdu<\/p><p>\u2022 sumienno\u015b\u0107 i zaanga\u017cowanie w procesie dostaw<\/p><p>Zainteresowanych podj\u0119ciem wsp\u00f3\u0142pracy prosimy o przesy\u0142anie zg\u0142osze\u0144.<\/p><p>W tytule wiadomo\u015bci prosimy o umieszczenie tekstu \u201ePrzewo\u017anik dla Nettle Pharma\u201d.<\/p><p><b>W zg\u0142oszeniu prosimy o umieszczenie nast\u0119puj\u0105cych informacji:<\/b><\/p><p>\u2022 nazwa i adres firmy<\/p><p>\u2022 dane kontaktowe (imi\u0119 i nazwisko, telefon)<\/p><p>\u2022 opis rodzaju i zakresu dotychczasowej dzia\u0142alno\u015bci firmy ewentualnie swoje do\u015bwiadczanie zawodowe<\/p><p>\u2022 ilo\u015b\u0107 i rodzaj samochod\u00f3w, kt\u00f3rymi Pa\u0144stwo dysponuj\u0105 lub mogliby dysponowa\u0107 po podpisaniu umowy<\/p><p>Logistyka Nettle Pharma<\/p>\t\t\t\t\t\t<\/div>\n\t\t\t\t<\/div>\n\t\t\t\t<div class=\"elementor-element elementor-element-bc67f88 elementor-button-align-center elementor-widget elementor-widget-form\" data-id=\"bc67f88\" data-element_type=\"widget\" data-settings=\"{&quot;step_next_label&quot;:&quot;Nast\\u0119pny&quot;,&quot;step_previous_label&quot;:&quot;Poprzedni&quot;,&quot;button_width&quot;:&quot;100&quot;,&quot;step_type&quot;:&quot;number_text&quot;,&quot;step_icon_shape&quot;:&quot;circle&quot;}\" data-widget_type=\"form.default\">\n\t\t\t\t<div class=\"elementor-widget-container\">\n\t\t\t\t\t<form class=\"elementor-form\" method=\"post\" name=\"formularz zg\u0142oszeniowy na stanowisko przewo\u017anika\">\n\t\t\t<input type=\"hidden\" name=\"post_id\" value=\"8077\"\/>\n\t\t\t<input type=\"hidden\" name=\"form_id\" value=\"bc67f88\"\/>\n\t\t\t<input type=\"hidden\" name=\"referer_title\" value=\"Nettle S.A\" \/>\n\n\t\t\t\n\t\t\t<div class=\"elementor-form-fields-wrapper elementor-labels-above\">\n\t\t\t\t\t\t\t\t<div class=\"elementor-field-type-text elementor-field-group elementor-column elementor-field-group-name elementor-col-100 elementor-field-required\">\n\t\t\t\t\t\t\t\t\t\t\t\t<label for=\"form-field-name\" class=\"elementor-field-label\">\n\t\t\t\t\t\t\t\tNazwa firmy\t\t\t\t\t\t\t<\/label>\n\t\t\t\t\t\t\t\t\t\t\t\t\t\t<input size=\"1\" type=\"text\" name=\"form_fields[name]\" id=\"form-field-name\" class=\"elementor-field elementor-size-sm  elementor-field-textual\" placeholder=\"Nazwa firmy\" required=\"required\" aria-required=\"true\">\n\t\t\t\t\t\t\t\t\t\t\t<\/div>\n\t\t\t\t\t\t\t\t<div class=\"elementor-field-type-text elementor-field-group elementor-column elementor-field-group-email elementor-col-100 elementor-field-required\">\n\t\t\t\t\t\t\t\t\t\t\t\t<label for=\"form-field-email\" class=\"elementor-field-label\">\n\t\t\t\t\t\t\t\tAdres firmy\t\t\t\t\t\t\t<\/label>\n\t\t\t\t\t\t\t\t\t\t\t\t\t\t<input size=\"1\" type=\"text\" name=\"form_fields[email]\" id=\"form-field-email\" class=\"elementor-field elementor-size-sm  elementor-field-textual\" placeholder=\"Ulica, miasto, kod pocztowy\" required=\"required\" aria-required=\"true\">\n\t\t\t\t\t\t\t\t\t\t\t<\/div>\n\t\t\t\t\t\t\t\t<div class=\"elementor-field-type-textarea elementor-field-group elementor-column elementor-field-group-message elementor-col-100 elementor-field-required\">\n\t\t\t\t\t\t\t\t\t\t\t\t<label for=\"form-field-message\" class=\"elementor-field-label\">\n\t\t\t\t\t\t\t\tImi\u0119 i nazwisko\t\t\t\t\t\t\t<\/label>\n\t\t\t\t\t\t<textarea class=\"elementor-field-textual elementor-field  elementor-size-sm\" name=\"form_fields[message]\" id=\"form-field-message\" rows=\"4\" placeholder=\"Wiadomo\u015b\u0107\" required=\"required\" aria-required=\"true\"><\/textarea>\t\t\t\t<\/div>\n\t\t\t\t\t\t\t\t<div class=\"elementor-field-type-tel elementor-field-group elementor-column elementor-field-group-field_741bb0b elementor-col-100 elementor-field-required\">\n\t\t\t\t\t\t\t\t\t\t\t\t<label for=\"form-field-field_741bb0b\" class=\"elementor-field-label\">\n\t\t\t\t\t\t\t\tNumer telefonu\t\t\t\t\t\t\t<\/label>\n\t\t\t\t\t\t\t\t<input size=\"1\" type=\"tel\" name=\"form_fields[field_741bb0b]\" id=\"form-field-field_741bb0b\" class=\"elementor-field elementor-size-sm  elementor-field-textual\" placeholder=\"Numer telefonu\" required=\"required\" aria-required=\"true\" pattern=\"[0-9()#&amp;+*-=.]+\" title=\"Only numbers and phone characters (#, -, *, etc) are accepted.\">\n\n\t\t\t\t\t\t<\/div>\n\t\t\t\t\t\t\t\t<div class=\"elementor-field-type-text elementor-field-group elementor-column elementor-field-group-field_134abb3 elementor-col-100 elementor-field-required\">\n\t\t\t\t\t\t\t\t\t\t\t\t<label for=\"form-field-field_134abb3\" class=\"elementor-field-label\">\n\t\t\t\t\t\t\t\tOpis rodzaju, zakresu dzia\u0142alno\u015bci firmy oraz do\u015bwiadczanie zawodowe\t\t\t\t\t\t\t<\/label>\n\t\t\t\t\t\t\t\t\t\t\t\t\t\t<input size=\"1\" type=\"text\" name=\"form_fields[field_134abb3]\" id=\"form-field-field_134abb3\" class=\"elementor-field elementor-size-sm  elementor-field-textual\" placeholder=\"Opis zakresu dzia\u0142alno\u015bci\" required=\"required\" aria-required=\"true\">\n\t\t\t\t\t\t\t\t\t\t\t<\/div>\n\t\t\t\t\t\t\t\t<div class=\"elementor-field-type-text elementor-field-group elementor-column elementor-field-group-field_4866b39 elementor-col-100 elementor-field-required\">\n\t\t\t\t\t\t\t\t\t\t\t\t<label for=\"form-field-field_4866b39\" class=\"elementor-field-label\">\n\t\t\t\t\t\t\t\tIlo\u015b\u0107 i rodzaj dost\u0119pnych samochod\u00f3w\t\t\t\t\t\t\t<\/label>\n\t\t\t\t\t\t\t\t\t\t\t\t\t\t<input size=\"1\" type=\"text\" name=\"form_fields[field_4866b39]\" id=\"form-field-field_4866b39\" class=\"elementor-field elementor-size-sm  elementor-field-textual\" placeholder=\"Ilo\u015b\u0107 i rodzaj dost\u0119pnych samochod\u00f3w\" required=\"required\" aria-required=\"true\">\n\t\t\t\t\t\t\t\t\t\t\t<\/div>\n\t\t\t\t\t\t\t\t<div class=\"elementor-field-group elementor-column elementor-field-type-submit elementor-col-100 e-form__buttons\">\n\t\t\t\t\t<button class=\"elementor-button elementor-size-md\" type=\"submit\">\n\t\t\t\t\t\t<span class=\"elementor-button-content-wrapper\">\n\t\t\t\t\t\t\t\t\t\t\t\t\t\t\t\t\t\t\t\t\t\t<span class=\"elementor-button-text\">Wy\u015blij<\/span>\n\t\t\t\t\t\t\t\t\t\t\t\t\t<\/span>\n\t\t\t\t\t<\/button>\n\t\t\t\t<\/div>\n\t\t\t<\/div>\n\t\t<\/form>\n\t\t\t\t<\/div>\n\t\t\t\t<\/div>\n\t\t\t\t\t<\/div>\n\t\t<\/div>\n\t\t\t\t\t<\/div>\n\t\t<\/section>\n\t\t\t\t\t<\/div>\n\t\t<\/div>\n\t\t\t\t\t<\/div>\n\t\t<\/section>\n\t\t\t\t<\/div>\n\t\t","protected":false},"excerpt":{"rendered":"<p>Wr\u00f3\u0107 Przewo\u017anik Bran\u017ca farmacutyczna ( miejsce pracy: ca\u0142a Polska) Sta\u0142a wsp\u00f3\u0142praca z przewo\u017anikiem \u2013 transport lek\u00f3w. Poszukujemy na region :\u00a0 ca\u0142a Polska Jeste\u015bmy przedsi\u0119biorstwem specjalizuj\u0105cym si\u0119 w us\u0142ugach logistycznych dla bran\u017cy farmaceutycznej na terenie Polski. Realizujemy dostawy dla klient\u00f3w hurtowymi farmaceutycznych, aptek, szpitali, gabinet\u00f3w lekarskich oraz pacjent\u00f3w indywidualnych. W zwi\u0105zku z dynamicznym rozwojem firmy poszukujemy [&hellip;]<\/p>\n","protected":false},"author":8,"featured_media":0,"parent":10,"menu_order":0,"comment_status":"closed","ping_status":"closed","template":"","meta":{"_acf_changed":false,"footnotes":""},"acf":[],"yoast_head":"<!-- This site is optimized with the Yoast SEO plugin v23.2 - https:\/\/yoast.com\/wordpress\/plugins\/seo\/ -->\n<title>Przewo\u017anik - Nettle S.A<\/title>\n<meta name=\"robots\" content=\"index, follow, max-snippet:-1, max-image-preview:large, max-video-preview:-1\" \/>\n<link rel=\"canonical\" href=\"https:\/\/nettle.pl\/en\/o-nas\/przewoznik\/\" \/>\n<meta property=\"og:locale\" content=\"en_US\" \/>\n<meta property=\"og:type\" content=\"article\" \/>\n<meta property=\"og:title\" content=\"Przewo\u017anik - Nettle S.A\" \/>\n<meta property=\"og:description\" content=\"Wr\u00f3\u0107 Przewo\u017anik Bran\u017ca farmacutyczna ( miejsce pracy: ca\u0142a Polska) Sta\u0142a wsp\u00f3\u0142praca z przewo\u017anikiem \u2013 transport lek\u00f3w. Poszukujemy na region :\u00a0 ca\u0142a Polska Jeste\u015bmy przedsi\u0119biorstwem specjalizuj\u0105cym si\u0119 w us\u0142ugach logistycznych dla bran\u017cy farmaceutycznej na terenie Polski. Realizujemy dostawy dla klient\u00f3w hurtowymi farmaceutycznych, aptek, szpitali, gabinet\u00f3w lekarskich oraz pacjent\u00f3w indywidualnych. W zwi\u0105zku z dynamicznym rozwojem firmy poszukujemy [&hellip;]\" \/>\n<meta property=\"og:url\" content=\"https:\/\/nettle.pl\/en\/o-nas\/przewoznik\/\" \/>\n<meta property=\"og:site_name\" content=\"Nettle S.A\" \/>\n<meta property=\"article:modified_time\" content=\"2024-01-05T12:38:05+00:00\" \/>\n<meta name=\"twitter:card\" content=\"summary_large_image\" \/>\n<meta name=\"twitter:label1\" content=\"Est. reading time\" \/>\n\t<meta name=\"twitter:data1\" content=\"2 minutes\" \/>\n<script type=\"application\/ld+json\" class=\"yoast-schema-graph\">{\"@context\":\"https:\/\/schema.org\",\"@graph\":[{\"@type\":\"WebPage\",\"@id\":\"https:\/\/nettle.pl\/en\/o-nas\/przewoznik\/\",\"url\":\"https:\/\/nettle.pl\/en\/o-nas\/przewoznik\/\",\"name\":\"Przewo\u017anik - Nettle S.A\",\"isPartOf\":{\"@id\":\"https:\/\/nettle.pl\/en\/#website\"},\"datePublished\":\"2024-01-05T11:28:57+00:00\",\"dateModified\":\"2024-01-05T12:38:05+00:00\",\"breadcrumb\":{\"@id\":\"https:\/\/nettle.pl\/en\/o-nas\/przewoznik\/#breadcrumb\"},\"inLanguage\":\"en-US\",\"potentialAction\":[{\"@type\":\"ReadAction\",\"target\":[\"https:\/\/nettle.pl\/en\/o-nas\/przewoznik\/\"]}]},{\"@type\":\"BreadcrumbList\",\"@id\":\"https:\/\/nettle.pl\/en\/o-nas\/przewoznik\/#breadcrumb\",\"itemListElement\":[{\"@type\":\"ListItem\",\"position\":1,\"name\":\"O Nas\",\"item\":\"https:\/\/nettle.pl\/en\/o-nas\/\"},{\"@type\":\"ListItem\",\"position\":2,\"name\":\"Przewo\u017anik\"}]},{\"@type\":\"WebSite\",\"@id\":\"https:\/\/nettle.pl\/en\/#website\",\"url\":\"https:\/\/nettle.pl\/en\/\",\"name\":\"Nettle S.A\",\"description\":\"\",\"publisher\":{\"@id\":\"https:\/\/nettle.pl\/en\/#organization\"},\"potentialAction\":[{\"@type\":\"SearchAction\",\"target\":{\"@type\":\"EntryPoint\",\"urlTemplate\":\"https:\/\/nettle.pl\/en\/?s={search_term_string}\"},\"query-input\":\"required name=search_term_string\"}],\"inLanguage\":\"en-US\"},{\"@type\":\"Organization\",\"@id\":\"https:\/\/nettle.pl\/en\/#organization\",\"name\":\"Nettle S.A\",\"url\":\"https:\/\/nettle.pl\/en\/\",\"logo\":{\"@type\":\"ImageObject\",\"inLanguage\":\"en-US\",\"@id\":\"https:\/\/nettle.pl\/en\/#\/schema\/logo\/image\/\",\"url\":\"https:\/\/nettle.pl\/wp-content\/uploads\/2020\/10\/Frame.png\",\"contentUrl\":\"https:\/\/nettle.pl\/wp-content\/uploads\/2020\/10\/Frame.png\",\"width\":122,\"height\":12,\"caption\":\"Nettle S.A\"},\"image\":{\"@id\":\"https:\/\/nettle.pl\/en\/#\/schema\/logo\/image\/\"}}]}<\/script>\n<!-- \/ Yoast SEO plugin. -->","yoast_head_json":{"title":"Przewo\u017anik - Nettle S.A","robots":{"index":"index","follow":"follow","max-snippet":"max-snippet:-1","max-image-preview":"max-image-preview:large","max-video-preview":"max-video-preview:-1"},"canonical":"https:\/\/nettle.pl\/en\/o-nas\/przewoznik\/","og_locale":"en_US","og_type":"article","og_title":"Przewo\u017anik - Nettle S.A","og_description":"Wr\u00f3\u0107 Przewo\u017anik Bran\u017ca farmacutyczna ( miejsce pracy: ca\u0142a Polska) Sta\u0142a wsp\u00f3\u0142praca z przewo\u017anikiem \u2013 transport lek\u00f3w. Poszukujemy na region :\u00a0 ca\u0142a Polska Jeste\u015bmy przedsi\u0119biorstwem specjalizuj\u0105cym si\u0119 w us\u0142ugach logistycznych dla bran\u017cy farmaceutycznej na terenie Polski. Realizujemy dostawy dla klient\u00f3w hurtowymi farmaceutycznych, aptek, szpitali, gabinet\u00f3w lekarskich oraz pacjent\u00f3w indywidualnych. W zwi\u0105zku z dynamicznym rozwojem firmy poszukujemy [&hellip;]","og_url":"https:\/\/nettle.pl\/en\/o-nas\/przewoznik\/","og_site_name":"Nettle S.A","article_modified_time":"2024-01-05T12:38:05+00:00","twitter_card":"summary_large_image","twitter_misc":{"Est. reading time":"2 minutes"},"schema":{"@context":"https:\/\/schema.org","@graph":[{"@type":"WebPage","@id":"https:\/\/nettle.pl\/en\/o-nas\/przewoznik\/","url":"https:\/\/nettle.pl\/en\/o-nas\/przewoznik\/","name":"Przewo\u017anik - Nettle S.A","isPartOf":{"@id":"https:\/\/nettle.pl\/en\/#website"},"datePublished":"2024-01-05T11:28:57+00:00","dateModified":"2024-01-05T12:38:05+00:00","breadcrumb":{"@id":"https:\/\/nettle.pl\/en\/o-nas\/przewoznik\/#breadcrumb"},"inLanguage":"en-US","potentialAction":[{"@type":"ReadAction","target":["https:\/\/nettle.pl\/en\/o-nas\/przewoznik\/"]}]},{"@type":"BreadcrumbList","@id":"https:\/\/nettle.pl\/en\/o-nas\/przewoznik\/#breadcrumb","itemListElement":[{"@type":"ListItem","position":1,"name":"O Nas","item":"https:\/\/nettle.pl\/en\/o-nas\/"},{"@type":"ListItem","position":2,"name":"Przewo\u017anik"}]},{"@type":"WebSite","@id":"https:\/\/nettle.pl\/en\/#website","url":"https:\/\/nettle.pl\/en\/","name":"Nettle S.A","description":"","publisher":{"@id":"https:\/\/nettle.pl\/en\/#organization"},"potentialAction":[{"@type":"SearchAction","target":{"@type":"EntryPoint","urlTemplate":"https:\/\/nettle.pl\/en\/?s={search_term_string}"},"query-input":"required name=search_term_string"}],"inLanguage":"en-US"},{"@type":"Organization","@id":"https:\/\/nettle.pl\/en\/#organization","name":"Nettle S.A","url":"https:\/\/nettle.pl\/en\/","logo":{"@type":"ImageObject","inLanguage":"en-US","@id":"https:\/\/nettle.pl\/en\/#\/schema\/logo\/image\/","url":"https:\/\/nettle.pl\/wp-content\/uploads\/2020\/10\/Frame.png","contentUrl":"https:\/\/nettle.pl\/wp-content\/uploads\/2020\/10\/Frame.png","width":122,"height":12,"caption":"Nettle S.A"},"image":{"@id":"https:\/\/nettle.pl\/en\/#\/schema\/logo\/image\/"}}]}},"_links":{"self":[{"href":"https:\/\/nettle.pl\/en\/wp-json\/wp\/v2\/pages\/8077"}],"collection":[{"href":"https:\/\/nettle.pl\/en\/wp-json\/wp\/v2\/pages"}],"about":[{"href":"https:\/\/nettle.pl\/en\/wp-json\/wp\/v2\/types\/page"}],"author":[{"embeddable":true,"href":"https:\/\/nettle.pl\/en\/wp-json\/wp\/v2\/users\/8"}],"replies":[{"embeddable":true,"href":"https:\/\/nettle.pl\/en\/wp-json\/wp\/v2\/comments?post=8077"}],"version-history":[{"count":5,"href":"https:\/\/nettle.pl\/en\/wp-json\/wp\/v2\/pages\/8077\/revisions"}],"predecessor-version":[{"id":8146,"href":"https:\/\/nettle.pl\/en\/wp-json\/wp\/v2\/pages\/8077\/revisions\/8146"}],"up":[{"embeddable":true,"href":"https:\/\/nettle.pl\/en\/wp-json\/wp\/v2\/pages\/10"}],"wp:attachment":[{"href":"https:\/\/nettle.pl\/en\/wp-json\/wp\/v2\/media?parent=8077"}],"curies":[{"name":"wp","href":"https:\/\/api.w.org\/{rel}","templated":true}]}}