{"id":8119,"date":"2024-01-05T13:03:06","date_gmt":"2024-01-05T12:03:06","guid":{"rendered":"https:\/\/nettle.pl\/?page_id=8119"},"modified":"2024-01-05T13:43:07","modified_gmt":"2024-01-05T12:43:07","slug":"ekspedytor","status":"publish","type":"page","link":"https:\/\/nettle.pl\/en\/o-nas\/ekspedytor\/","title":{"rendered":"Ekspedytor"},"content":{"rendered":"\t\t<div data-elementor-type=\"wp-page\" data-elementor-id=\"8119\" class=\"elementor elementor-8119\" data-elementor-post-type=\"page\">\n\t\t\t\t\t\t<section class=\"elementor-section elementor-top-section elementor-element elementor-element-6ef1419 elementor-section-boxed elementor-section-height-default elementor-section-height-default\" data-id=\"6ef1419\" data-element_type=\"section\" data-settings=\"{&quot;jet_parallax_layout_list&quot;:[{&quot;jet_parallax_layout_image&quot;:{&quot;url&quot;:&quot;&quot;,&quot;id&quot;:&quot;&quot;,&quot;size&quot;:&quot;&quot;},&quot;_id&quot;:&quot;60315bd&quot;,&quot;jet_parallax_layout_image_tablet&quot;:{&quot;url&quot;:&quot;&quot;,&quot;id&quot;:&quot;&quot;,&quot;size&quot;:&quot;&quot;},&quot;jet_parallax_layout_image_mobile&quot;:{&quot;url&quot;:&quot;&quot;,&quot;id&quot;:&quot;&quot;,&quot;size&quot;:&quot;&quot;},&quot;jet_parallax_layout_speed&quot;:{&quot;unit&quot;:&quot;%&quot;,&quot;size&quot;:50,&quot;sizes&quot;:[]},&quot;jet_parallax_layout_type&quot;:&quot;scroll&quot;,&quot;jet_parallax_layout_direction&quot;:null,&quot;jet_parallax_layout_fx_direction&quot;:null,&quot;jet_parallax_layout_z_index&quot;:&quot;&quot;,&quot;jet_parallax_layout_bg_x&quot;:50,&quot;jet_parallax_layout_bg_x_tablet&quot;:&quot;&quot;,&quot;jet_parallax_layout_bg_x_mobile&quot;:&quot;&quot;,&quot;jet_parallax_layout_bg_y&quot;:50,&quot;jet_parallax_layout_bg_y_tablet&quot;:&quot;&quot;,&quot;jet_parallax_layout_bg_y_mobile&quot;:&quot;&quot;,&quot;jet_parallax_layout_bg_size&quot;:&quot;auto&quot;,&quot;jet_parallax_layout_bg_size_tablet&quot;:&quot;&quot;,&quot;jet_parallax_layout_bg_size_mobile&quot;:&quot;&quot;,&quot;jet_parallax_layout_animation_prop&quot;:&quot;transform&quot;,&quot;jet_parallax_layout_on&quot;:[&quot;desktop&quot;,&quot;tablet&quot;]}]}\">\n\t\t\t\t\t\t<div class=\"elementor-container elementor-column-gap-default\">\n\t\t\t\t\t<div class=\"elementor-column elementor-col-100 elementor-top-column elementor-element elementor-element-8404ebe\" data-id=\"8404ebe\" data-element_type=\"column\">\n\t\t\t<div class=\"elementor-widget-wrap elementor-element-populated\">\n\t\t\t\t\t\t<div class=\"elementor-element elementor-element-6c9b39b elementor-icon-list--layout-traditional elementor-list-item-link-full_width elementor-widget elementor-widget-icon-list\" data-id=\"6c9b39b\" data-element_type=\"widget\" data-widget_type=\"icon-list.default\">\n\t\t\t\t<div class=\"elementor-widget-container\">\n\t\t\t\t\t<ul class=\"elementor-icon-list-items\">\n\t\t\t\t\t\t\t<li class=\"elementor-icon-list-item\">\n\t\t\t\t\t\t\t\t\t\t\t<a href=\"http:\/\/nettle.pl\/o-nas\/#rekrutacja\">\n\n\t\t\t\t\t\t\t\t\t\t\t\t<span class=\"elementor-icon-list-icon\">\n\t\t\t\t\t\t\t<i aria-hidden=\"true\" class=\"fas fa-caret-left\"><\/i>\t\t\t\t\t\t<\/span>\n\t\t\t\t\t\t\t\t\t\t<span class=\"elementor-icon-list-text\">Wr\u00f3\u0107<\/span>\n\t\t\t\t\t\t\t\t\t\t\t<\/a>\n\t\t\t\t\t\t\t\t\t<\/li>\n\t\t\t\t\t\t<\/ul>\n\t\t\t\t<\/div>\n\t\t\t\t<\/div>\n\t\t\t\t<section class=\"elementor-section elementor-inner-section elementor-element elementor-element-c2ef502 elementor-section-boxed elementor-section-height-default elementor-section-height-default\" data-id=\"c2ef502\" data-element_type=\"section\" data-settings=\"{&quot;jet_parallax_layout_list&quot;:[{&quot;jet_parallax_layout_image&quot;:{&quot;url&quot;:&quot;&quot;,&quot;id&quot;:&quot;&quot;,&quot;size&quot;:&quot;&quot;},&quot;_id&quot;:&quot;fcc8bee&quot;,&quot;jet_parallax_layout_image_tablet&quot;:{&quot;url&quot;:&quot;&quot;,&quot;id&quot;:&quot;&quot;,&quot;size&quot;:&quot;&quot;},&quot;jet_parallax_layout_image_mobile&quot;:{&quot;url&quot;:&quot;&quot;,&quot;id&quot;:&quot;&quot;,&quot;size&quot;:&quot;&quot;},&quot;jet_parallax_layout_speed&quot;:{&quot;unit&quot;:&quot;%&quot;,&quot;size&quot;:50,&quot;sizes&quot;:[]},&quot;jet_parallax_layout_type&quot;:&quot;scroll&quot;,&quot;jet_parallax_layout_direction&quot;:null,&quot;jet_parallax_layout_fx_direction&quot;:null,&quot;jet_parallax_layout_z_index&quot;:&quot;&quot;,&quot;jet_parallax_layout_bg_x&quot;:50,&quot;jet_parallax_layout_bg_x_tablet&quot;:&quot;&quot;,&quot;jet_parallax_layout_bg_x_mobile&quot;:&quot;&quot;,&quot;jet_parallax_layout_bg_y&quot;:50,&quot;jet_parallax_layout_bg_y_tablet&quot;:&quot;&quot;,&quot;jet_parallax_layout_bg_y_mobile&quot;:&quot;&quot;,&quot;jet_parallax_layout_bg_size&quot;:&quot;auto&quot;,&quot;jet_parallax_layout_bg_size_tablet&quot;:&quot;&quot;,&quot;jet_parallax_layout_bg_size_mobile&quot;:&quot;&quot;,&quot;jet_parallax_layout_animation_prop&quot;:&quot;transform&quot;,&quot;jet_parallax_layout_on&quot;:[&quot;desktop&quot;,&quot;tablet&quot;]}]}\">\n\t\t\t\t\t\t<div class=\"elementor-container elementor-column-gap-default\">\n\t\t\t\t\t<div class=\"elementor-column elementor-col-100 elementor-inner-column elementor-element elementor-element-3ceceff\" data-id=\"3ceceff\" data-element_type=\"column\" data-settings=\"{&quot;background_background&quot;:&quot;classic&quot;}\">\n\t\t\t<div class=\"elementor-widget-wrap elementor-element-populated\">\n\t\t\t\t\t\t<div class=\"elementor-element elementor-element-eba458e elementor-widget elementor-widget-heading\" data-id=\"eba458e\" data-element_type=\"widget\" data-widget_type=\"heading.default\">\n\t\t\t\t<div class=\"elementor-widget-container\">\n\t\t\t<p class=\"elementor-heading-title elementor-size-default\">Ekspedytor<\/p>\t\t<\/div>\n\t\t\t\t<\/div>\n\t\t\t\t<div class=\"elementor-element elementor-element-abe4951 elementor-widget elementor-widget-text-editor\" data-id=\"abe4951\" data-element_type=\"widget\" data-widget_type=\"text-editor.default\">\n\t\t\t\t<div class=\"elementor-widget-container\">\n\t\t\t\t\t\t\t<p>( miejsce pracy: Warszawa)<\/p>\t\t\t\t\t\t<\/div>\n\t\t\t\t<\/div>\n\t\t\t\t<div class=\"elementor-element elementor-element-0371255 elementor-widget elementor-widget-tp-switcher\" data-id=\"0371255\" data-element_type=\"widget\" data-widget_type=\"tp-switcher.default\">\n\t\t\t\t<div class=\"elementor-widget-container\">\n\t\t\t<div id=\"switch69dc4a61ad496\" class=\"theplus-switcher switch-1 \"  data-id=\"switch69dc4a61ad496\" ><div class=\"switcher-toggle inactive center style-2\"><div class=\"switch-1\">\r\n\t\t\t\t\t\t\t\t<h5 class=\"switch-label-text switch-label-1\">Polski<\/h5>\r\n\t\t\t\t\t\t\t<\/div><div class=\"switcher-button\" data-type=\"style-2\">\r\n\t\t\t\t\t\t\t\t<label class=\"switch-label-btn\"><input class=\"switch-toggle round-style-2\" type=\"checkbox\"><span class=\"switch-slider style-2 switch-round\"><\/span><\/label>\r\n\t\t\t\t\t\t\t<\/div><div class=\"switch-2\">\r\n\t\t\t\t\t\t\t\t<h5 class=\"switch-label-text switch-label-2\">\u0443\u043a\u0440\u0430\u0457\u043d\u0441\u044c\u043a\u0430<\/h5>\r\n\t\t\t\t\t\t\t<\/div><\/div><div class=\"switcher-toggle-sections\"><div class=\"switcher-section-1\" style=\"display: block;\"><div class=\"content-1\"><p><strong>Tw\u00f3j zakres obowi\u0105zk\u00f3w<\/strong><\/p><ul><li>przyjmowanie przesy\u0142ek z wahad\u0142a (obs\u0142uga w\u00f3zka wid\u0142owego)<\/li><li>sortowanie i skanowanie przesy\u0142ek<\/li><li>wystawienie oraz zatwierdzanie dokument\u00f3w w systemie, przes\u0142anie raport\u00f3w do centrali<\/li><li>kontrola i nadz\u00f3r dostaw<\/li><li>planowanie tras lokalnych<\/li><li>zwrot potwierdzonych dokument\u00f3w do archiwum<\/li><li>praca w trybie zmianowym\u00a0 (5.00-13.00, 13.00-21.00, 21.00-5.00)<\/li><\/ul><p><strong>Nasze wymagania<\/strong><\/p><ul><li>\u015brednie wykszta\u0142cenie<\/li><li>obs\u0142uga komputera (szczeg\u00f3lnie poczty elektronicznej, znajomo\u015b\u0107 pakietu Microsoft Office, np.: Excel, Word)<\/li><li>uprawnienia do prowadzenia w\u00f3zk\u00f3w wid\u0142owych<\/li><li>dobra znajomo\u015b\u0107 regionu<\/li><li>sumienno\u015b\u0107<\/li><li>umiej\u0119tno\u015b\u0107 pracy pod presj\u0105 czasu<\/li><li>ch\u0119\u0107 uczenia si\u0119<\/li><\/ul><p><strong>Oferujemy<\/strong><\/p><ul><li>wdro\u017cenie do zda\u0144<\/li><li>wsparcie w uzyskaniu uprawie\u0144 na w\u00f3zek wid\u0142owy<\/li><li>dop\u0142aty do opieki medycznej, karty Multisport, ubezpieczenia,<\/li><li>miesi\u0119czna premia<\/li><li>system polece\u0144 (500 z\u0142 netto za osob\u0119)<\/li><li>parking, pakiety \u015bwi\u0105teczne<\/li><\/ul><p data-pm-slice=\"1 1 []\">\u00a0<\/p><p data-pm-slice=\"1 1 []\">NETTLE PHARMA jest dedykowanym operatorem logistycznym, kt\u00f3ry \u015bwiadczy us\u0142ugi w zakresie obs\u0142ugi dystrybucji i transportu lek\u00f3w, szczepionek, suplement\u00f3w diety, \u017cywno\u015bci specjalnego przeznaczenia, wyrob\u00f3w medycznych, \u015brodk\u00f3w opatrunkowych dla producent\u00f3w, firm z bran\u017cy farmaceutycznej, medycznej, kosmetycznej oraz bran\u017c pokrewnych operuj\u0105cych na rynku szpitalnym, aptecznym i hurtowym, dla kt\u00f3rych zapewnienie warunk\u00f3w kontrolowanych i monitoring temperatury jest kluczowym wymaganiem transportowym.<\/p><p>NETTLE PHARMA jest cz\u0119\u015bci\u0105 grupy Nettle S.A. lidera rynku farmaceutycznego, kt\u00f3ry od 2006 r. dostarcza klientom nowoczesne rozwi\u0105zania w zakresie logistyki farmaceutycznej, obs\u0142ugi dystrybucji bezpo\u015bredniej i us\u0142ug dla producent\u00f3w.<\/p><\/div><\/div><div class=\"switcher-section-2\" style=\"display: none;\"><div class=\"content-2\"><p><b>\u0415\u041a\u0421\u041f\u0415\u0414\u0418\u0422\u041e\u0420<\/b><\/p><ul><li>\u0417\u0430\u0440\u043f\u043b\u0430\u0442\u0430: 5800 \u0437\u043b\u043e\u0442\u0438\u0445 \u0431\u0440\u0443\u0442\u0442\u043e<\/li><li>\u0422\u0440\u0443\u0434\u043e\u0432\u0438\u0439 \u0434\u043e\u0433\u043e\u0432\u0456\u0440<\/li><li>\u0412\u0430\u0448\u0456 \u043e\u0431\u043e\u0432'\u044f\u0437\u043a\u0438<\/li><li>\u043f\u0440\u0438\u0439\u043c\u0430\u043d\u043d\u044f \u0432\u0430\u043d\u0442\u0430\u0436\u0456\u0432 \u0437 \u0434\u043e\u0441\u0442\u0430\u0432\u043ai (\u0432\u0438\u043b\u043a\u043e\u0432\u0438\u0439 \u043d\u0430\u0432\u0430\u043d\u0442\u0430\u0436\u0443\u0432\u0430\u0447)<\/li><li>\u0441\u043e\u0440\u0442\u0443\u0432\u0430\u043d\u043d\u044f \u0442\u0430 \u0441\u043a\u0430\u043d\u0443\u0432\u0430\u043d\u043d\u044f \u0432\u0456\u0434\u043f\u0440\u0430\u0432\u043b\u0435\u043d\u044c<\/li><li>\u043e\u0444\u043e\u0440\u043c\u043b\u0435\u043d\u043d\u044f \u0442\u0430 \u0437\u0430\u0442\u0432\u0435\u0440\u0434\u0436\u0435\u043d\u043d\u044f \u0434\u043e\u043a\u0443\u043c\u0435\u043d\u0442\u0456\u0432 \u0432 \u0441\u0438\u0441\u0442\u0435\u043c\u0456, \u0432\u0456\u0434\u043f\u0440\u0430\u0432\u043a\u0430 \u0437\u0432\u0456\u0442\u0456\u0432<\/li><li>\u043a\u043e\u043d\u0442\u0440\u043e\u043b\u044c \u0456 \u043d\u0430\u0433\u043b\u044f\u0434 \u0437\u0430 \u043f\u043e\u0441\u0442\u0430\u0447\u0430\u043d\u043d\u044f\u043c<\/li><li>\u043f\u043b\u0430\u043d\u0443\u0432\u0430\u043d\u043d\u044f \u043c\u0456\u0441\u0446\u0435\u0432\u043e\u0433\u043e \u043c\u0430\u0440\u0448\u0440\u0443\u0442\u0443<\/li><li>\u043f\u043e\u0432\u0435\u0440\u043d\u0435\u043d\u043d\u044f \u043f\u0456\u0434\u0442\u0432\u0435\u0440\u0434\u0436\u0435\u043d\u0438\u0445 \u0434\u043e\u043a\u0443\u043c\u0435\u043d\u0442\u0456\u0432 \u0434\u043e \u0430\u0440\u0445\u0456\u0432\u0443<\/li><li>\u043f\u043e\u0437\u043c\u0456\u043d\u043d\u0430 \u0440\u043e\u0431\u043e\u0442\u0430 (5.00-13.00, 13.00-21.00, 21.00-5.00)<\/li><li>\u041d\u0430\u0448\u0456 \u043e\u0447\u0456\u043a\u0443\u0432\u0430\u043d\u043d\u044f<\/li><\/ul><p><b>\u0421\u0435\u0440\u0435\u0434\u043d\u044f \u043e\u0441\u0432\u0456\u0442\u0430<\/b><\/p><ul><li>\u043d\u0430\u0432\u0438\u0447\u043a\u0438 \u0440\u043e\u0431\u043e\u0442\u0438 \u0437 \u043a\u043e\u043c\u043f\u2019\u044e\u0442\u0435\u0440\u043e\u043c (\u043e\u0441\u043e\u0431\u043b\u0438\u0432\u043e \u0435\u043b\u0435\u043a\u0442\u0440\u043e\u043d\u043d\u0430 \u043f\u043e\u0448\u0442\u0430, \u0437\u043d\u0430\u043d\u043d\u044f Microsoft Office, \u043d\u0430\u043f\u0440\u0438\u043a\u043b\u0430\u0434, Excel, Word)<\/li><li>\u043f\u043e\u0441\u0432\u0456\u0434\u0447\u0435\u043d\u043d\u044f \u043d\u0430 \u043f\u0440\u0430\u0432\u043e \u043a\u0435\u0440\u0443\u0432\u0430\u043d\u043d\u044f \u043d\u0430\u0432\u0430\u043d\u0442\u0430\u0436\u0443\u0432\u0430\u0447\u0430\u043c\u0438<\/li><li>\u0434\u043e\u0431\u0440\u0435 \u0437\u043d\u0430\u043d\u043d\u044f \u0440\u0435\u0433\u0456\u043e\u043d\u0443<\/li><li>\u0441\u043a\u0440\u0443\u043f\u0443\u043b\u044c\u043e\u0437\u043d\u0456\u0441\u0442\u044c<\/li><li>\u0437\u0434\u0430\u0442\u043d\u0456\u0441\u0442\u044c \u043f\u0440\u0430\u0446\u044e\u0432\u0430\u0442\u0438 \u0432 \u0443\u043c\u043e\u0432\u0430\u0445 \u0434\u0435\u0444\u0456\u0446\u0438\u0442\u0443 \u0447\u0430\u0441\u0443<\/li><li>\u0431\u0430\u0436\u0430\u043d\u043d\u044f \u0432\u0447\u0438\u0442\u0438\u0441\u044f<\/li><\/ul><p><strong>M\u0438 \u043f\u0440\u043e\u043f\u043e\u043d\u0443\u0454\u043c\u043e<\/strong><\/p><ul><li>\u0456\u043d\u0441\u0442\u0440\u0443\u043a\u0442\u0430\u0436 \u0449\u043e\u0434\u043e \u0432\u0438\u043a\u043e\u043d\u0430\u043d\u043d\u044f \u0437\u0430\u0432\u0434\u0430\u043d\u044c<\/li><li>\u0441\u0443\u043f\u0440\u043e\u0432\u0456\u0434 \u0432 \u043e\u0442\u0440\u0438\u043c\u0430\u043d\u043d\u0456 \u043b\u0456\u0446\u0435\u043d\u0437\u0456\u0439 \u043d\u0430 \u043d\u0430\u0432\u0430\u043d\u0442\u0430\u0436\u0443\u0432\u0430\u0447<\/li><li>\u043c\u043e\u0436\u043b\u0438\u0432\u0456\u0441\u0442\u044c \u043e\u043f\u043b\u0430\u0442\u0438 \u043e\u043d\u043b\u0430\u0439\u043d-\u043a\u0443\u0440\u0441\u0443 \u043c\u043e\u0432\u0438<\/li><li>\u0441\u0443\u0431\u0441\u0438\u0434\u0456\u0457 \u043d\u0430 \u043c\u0435\u0434\u0438\u0447\u043d\u0435 \u043e\u0431\u0441\u043b\u0443\u0433\u043e\u0432\u0443\u0432\u0430\u043d\u043d\u044f, \u043a\u0430\u0440\u0442\u0438 Multisport, \u0441\u0442\u0440\u0430\u0445\u0443\u0432\u0430\u043d\u043d\u044f,<\/li><li>\u0449\u043e\u043c\u0456\u0441\u044f\u0447\u043d\u0438\u0439 \u0431\u043e\u043d\u0443\u0441<\/li><li>\u0440\u0435\u0444\u0435\u0440\u0430\u043b\u044c\u043d\u0430 \u0441\u0438\u0441\u0442\u0435\u043c\u0430 (500 \u0437\u043b\u043e\u0442\u0438\u0445 \u043d\u0435\u0442\u0442\u043e \u0437 \u043e\u0441\u043e\u0431\u0438)<\/li><li>\u0434\u043e\u0442\u0430\u0446\u0456\u044f \u043d\u0430 \u0445\u0430\u0440\u0447\u0443\u0432\u0430\u043d\u043d\u044f \u0432 \u043d\u0456\u0447\u043d\u0443 \u0437\u043c\u0456\u043d\u0443<\/li><li>\u043f\u0430\u0440\u043a\u043e\u0432\u043a\u0430, \u043d\u043e\u0432\u043e\u0440\u0456\u0447\u043d\u0456 \u043f\u0430\u043a\u0435\u0442\u0438<\/li><\/ul><p>\u00a0<\/p><p>NETTLE PHARMA \u2013 \u0441\u043f\u0435\u0446\u0456\u0430\u043b\u0456\u0437\u043e\u0432\u0430\u043d\u0438\u0439 \u043b\u043e\u0433\u0456\u0441\u0442\u0438\u0447\u043d\u0438\u0439 \u043e\u043f\u0435\u0440\u0430\u0442\u043e\u0440, \u044f\u043a\u0438\u0439 \u043d\u0430\u0434\u0430\u0454 \u043f\u043e\u0441\u043b\u0443\u0433\u0438 \u0443 \u0441\u0444\u0435\u0440\u0456 \u0434\u0438\u0441\u0442\u0440\u0438\u0431\u0443\u0446\u0456\u0457 \u0442\u0430 \u0442\u0440\u0430\u043d\u0441\u043f\u043e\u0440\u0442\u0443\u0432\u0430\u043d\u043d\u044f \u043b\u0456\u043a\u0456\u0432, \u0432\u0430\u043a\u0446\u0438\u043d, \u0434\u0456\u0454\u0442\u0438\u0447\u043d\u0438\u0445 \u0434\u043e\u0431\u0430\u0432\u043e\u043a, \u0445\u0430\u0440\u0447\u043e\u0432\u0438\u0445 \u043f\u0440\u043e\u0434\u0443\u043a\u0442\u0456\u0432 \u0441\u043f\u0435\u0446\u0456\u0430\u043b\u044c\u043d\u043e\u0433\u043e \u043f\u0440\u0438\u0437\u043d\u0430\u0447\u0435\u043d\u043d\u044f, \u0432\u0438\u0440\u043e\u0431\u0456\u0432 \u043c\u0435\u0434\u0438\u0447\u043d\u043e\u0433\u043e \u043f\u0440\u0438\u0437\u043d\u0430\u0447\u0435\u043d\u043d\u044f, \u043f\u0435\u0440\u0435\u0432\u2019\u044f\u0437\u0443\u0432\u0430\u043b\u044c\u043d\u0438\u0445 \u043c\u0430\u0442\u0435\u0440\u0456\u0430\u043b\u0456\u0432 \u0434\u043b\u044f \u0432\u0438\u0440\u043e\u0431\u043d\u0438\u043a\u0456\u0432, \u043a\u043e\u043c\u043f\u0430\u043d\u0456\u0439 \u0444\u0430\u0440\u043c\u0430\u0446\u0435\u0432\u0442\u0438\u0447\u043d\u043e\u0457, \u043c\u0435\u0434\u0438\u0447\u043d\u043e\u0457, \u043a\u043e\u0441\u043c\u0435\u0442\u0438\u0447\u043d\u043e\u0457 \u0442\u0430 \u0441\u0443\u043c\u0456\u0436\u043d\u0438\u0445 \u0433\u0430\u043b\u0443\u0437\u0435\u0439, \u0449\u043e \u043f\u0440\u0430\u0446\u044e\u044e\u0442\u044c \u043d\u0430 \u043b\u0456\u043a\u0430\u0440\u043d\u044f\u043d\u0438\u0439 \u0440\u0438\u043d\u043e\u043a, \u0430\u043f\u0442\u0435\u043a\u0438 \u0442\u0430 \u043e\u043f\u0442\u043e\u0432\u0456 \u0442\u043e\u0440\u0433\u043e\u0432\u0446\u0456, \u0434\u043b\u044f \u044f\u043a\u0438\u0445 \u0437\u0430\u0431\u0435\u0437\u043f\u0435\u0447\u0435\u043d\u043d\u044f \u043a\u043e\u043d\u0442\u0440\u043e\u043b\u044c\u043e\u0432\u0430\u043d\u0438\u0445 \u0443\u043c\u043e\u0432 \u0456 \u043c\u043e\u043d\u0456\u0442\u043e\u0440\u0438\u043d\u0433 \u0442\u0435\u043c\u043f\u0435\u0440\u0430\u0442\u0443\u0440\u0438 \u0454 \u043a\u043b\u044e\u0447\u043e\u0432\u043e\u044e \u0442\u0440\u0430\u043d\u0441\u043f\u043e\u0440\u0442\u043d\u043e\u044e \u0432\u0438\u043c\u043e\u0433\u043e\u044e.<\/p><p>NETTLE PHARMA \u0432\u0445\u043e\u0434\u0438\u0442\u044c \u0434\u043e \u0441\u043a\u043b\u0430\u0434\u0443 \u0433\u0440\u0443\u043f\u0438 Nettle S.A. \u043b\u0456\u0434\u0435\u0440 \u0444\u0430\u0440\u043c\u0430\u0446\u0435\u0432\u0442\u0438\u0447\u043d\u043e\u0433\u043e \u0440\u0438\u043d\u043a\u0443, \u044f\u043a\u0438\u0439 \u0437 2006 \u0440\u043e\u043a\u0443 \u043d\u0430\u0434\u0430\u0454 \u043a\u043b\u0456\u0454\u043d\u0442\u0430\u043c \u0441\u0443\u0447\u0430\u0441\u043d\u0456 \u0440\u0456\u0448\u0435\u043d\u043d\u044f \u0443 \u0441\u0444\u0435\u0440\u0456 \u0444\u0430\u0440\u043c\u0430\u0446\u0435\u0432\u0442\u0438\u0447\u043d\u043e\u0457 \u043b\u043e\u0433\u0456\u0441\u0442\u0438\u043a\u0438, \u043f\u0440\u044f\u043c\u043e\u0457 \u0434\u0438\u0441\u0442\u0440\u0438\u0431\u0443\u0446\u0456\u0457 \u0442\u0430 \u043e\u0431\u0441\u043b\u0443\u0433\u043e\u0432\u0443\u0432\u0430\u043d\u043d\u044f \u0432\u0438\u0440\u043e\u0431\u043d\u0438\u043a\u0456\u0432.<\/p><p>\u041c\u0438 \u0447\u0435\u043a\u0430\u0454\u043c\u043e \u043d\u0430 \u0412\u0430\u0441!<\/p><\/div><\/div><\/div><\/div>\t\t<\/div>\n\t\t\t\t<\/div>\n\t\t\t\t<div class=\"elementor-element elementor-element-1b39504 elementor-align-center elementor-widget elementor-widget-button\" data-id=\"1b39504\" data-element_type=\"widget\" data-widget_type=\"button.default\">\n\t\t\t\t<div class=\"elementor-widget-container\">\n\t\t\t\t\t<div class=\"elementor-button-wrapper\">\n\t\t\t<a class=\"elementor-button elementor-button-link elementor-size-sm\" href=\"https:\/\/system.erecruiter.pl\/FormTemplates\/RecruitmentForm.aspx?WebID=10d8667ed31148498f9c4981ef843270\" target=\"_blank\" rel=\"nofollow\">\n\t\t\t\t\t\t<span class=\"elementor-button-content-wrapper\">\n\t\t\t\t\t\t\t\t\t<span class=\"elementor-button-text\">Aplikuj<\/span>\n\t\t\t\t\t<\/span>\n\t\t\t\t\t<\/a>\n\t\t<\/div>\n\t\t\t\t<\/div>\n\t\t\t\t<\/div>\n\t\t\t\t\t<\/div>\n\t\t<\/div>\n\t\t\t\t\t<\/div>\n\t\t<\/section>\n\t\t\t\t\t<\/div>\n\t\t<\/div>\n\t\t\t\t\t<\/div>\n\t\t<\/section>\n\t\t\t\t<\/div>\n\t\t","protected":false},"excerpt":{"rendered":"<p>Wr\u00f3\u0107 Ekspedytor ( miejsce pracy: Warszawa) Polski \u0443\u043a\u0440\u0430\u0457\u043d\u0441\u044c\u043a\u0430 Tw\u00f3j zakres obowi\u0105zk\u00f3w przyjmowanie przesy\u0142ek z wahad\u0142a (obs\u0142uga w\u00f3zka wid\u0142owego) sortowanie i skanowanie przesy\u0142ek wystawienie oraz zatwierdzanie dokument\u00f3w w systemie, przes\u0142anie raport\u00f3w do centrali kontrola i nadz\u00f3r dostaw planowanie tras lokalnych zwrot potwierdzonych dokument\u00f3w do archiwum praca w trybie zmianowym\u00a0 (5.00-13.00, 13.00-21.00, 21.00-5.00) Nasze wymagania \u015brednie wykszta\u0142cenie [&hellip;]<\/p>\n","protected":false},"author":8,"featured_media":0,"parent":10,"menu_order":0,"comment_status":"closed","ping_status":"closed","template":"","meta":{"_acf_changed":false,"footnotes":""},"acf":[],"yoast_head":"<!-- This site is optimized with the Yoast SEO plugin v23.2 - https:\/\/yoast.com\/wordpress\/plugins\/seo\/ -->\n<title>Ekspedytor - Nettle S.A<\/title>\n<meta name=\"robots\" content=\"index, follow, max-snippet:-1, max-image-preview:large, max-video-preview:-1\" \/>\n<link rel=\"canonical\" href=\"https:\/\/nettle.pl\/en\/o-nas\/ekspedytor\/\" \/>\n<meta property=\"og:locale\" content=\"en_US\" \/>\n<meta property=\"og:type\" content=\"article\" \/>\n<meta property=\"og:title\" content=\"Ekspedytor - Nettle S.A\" \/>\n<meta property=\"og:description\" content=\"Wr\u00f3\u0107 Ekspedytor ( miejsce pracy: Warszawa) Polski \u0443\u043a\u0440\u0430\u0457\u043d\u0441\u044c\u043a\u0430 Tw\u00f3j zakres obowi\u0105zk\u00f3w przyjmowanie przesy\u0142ek z wahad\u0142a (obs\u0142uga w\u00f3zka wid\u0142owego) sortowanie i skanowanie przesy\u0142ek wystawienie oraz zatwierdzanie dokument\u00f3w w systemie, przes\u0142anie raport\u00f3w do centrali kontrola i nadz\u00f3r dostaw planowanie tras lokalnych zwrot potwierdzonych dokument\u00f3w do archiwum praca w trybie zmianowym\u00a0 (5.00-13.00, 13.00-21.00, 21.00-5.00) Nasze wymagania \u015brednie wykszta\u0142cenie [&hellip;]\" \/>\n<meta property=\"og:url\" content=\"https:\/\/nettle.pl\/en\/o-nas\/ekspedytor\/\" \/>\n<meta property=\"og:site_name\" content=\"Nettle S.A\" \/>\n<meta property=\"article:modified_time\" content=\"2024-01-05T12:43:07+00:00\" \/>\n<meta name=\"twitter:card\" content=\"summary_large_image\" \/>\n<meta name=\"twitter:label1\" content=\"Est. reading time\" \/>\n\t<meta name=\"twitter:data1\" content=\"3 minutes\" \/>\n<script type=\"application\/ld+json\" class=\"yoast-schema-graph\">{\"@context\":\"https:\/\/schema.org\",\"@graph\":[{\"@type\":\"WebPage\",\"@id\":\"https:\/\/nettle.pl\/en\/o-nas\/ekspedytor\/\",\"url\":\"https:\/\/nettle.pl\/en\/o-nas\/ekspedytor\/\",\"name\":\"Ekspedytor - Nettle S.A\",\"isPartOf\":{\"@id\":\"https:\/\/nettle.pl\/en\/#website\"},\"datePublished\":\"2024-01-05T12:03:06+00:00\",\"dateModified\":\"2024-01-05T12:43:07+00:00\",\"breadcrumb\":{\"@id\":\"https:\/\/nettle.pl\/en\/o-nas\/ekspedytor\/#breadcrumb\"},\"inLanguage\":\"en-US\",\"potentialAction\":[{\"@type\":\"ReadAction\",\"target\":[\"https:\/\/nettle.pl\/en\/o-nas\/ekspedytor\/\"]}]},{\"@type\":\"BreadcrumbList\",\"@id\":\"https:\/\/nettle.pl\/en\/o-nas\/ekspedytor\/#breadcrumb\",\"itemListElement\":[{\"@type\":\"ListItem\",\"position\":1,\"name\":\"O Nas\",\"item\":\"https:\/\/nettle.pl\/en\/o-nas\/\"},{\"@type\":\"ListItem\",\"position\":2,\"name\":\"Ekspedytor\"}]},{\"@type\":\"WebSite\",\"@id\":\"https:\/\/nettle.pl\/en\/#website\",\"url\":\"https:\/\/nettle.pl\/en\/\",\"name\":\"Nettle S.A\",\"description\":\"\",\"publisher\":{\"@id\":\"https:\/\/nettle.pl\/en\/#organization\"},\"potentialAction\":[{\"@type\":\"SearchAction\",\"target\":{\"@type\":\"EntryPoint\",\"urlTemplate\":\"https:\/\/nettle.pl\/en\/?s={search_term_string}\"},\"query-input\":\"required name=search_term_string\"}],\"inLanguage\":\"en-US\"},{\"@type\":\"Organization\",\"@id\":\"https:\/\/nettle.pl\/en\/#organization\",\"name\":\"Nettle S.A\",\"url\":\"https:\/\/nettle.pl\/en\/\",\"logo\":{\"@type\":\"ImageObject\",\"inLanguage\":\"en-US\",\"@id\":\"https:\/\/nettle.pl\/en\/#\/schema\/logo\/image\/\",\"url\":\"https:\/\/nettle.pl\/wp-content\/uploads\/2020\/10\/Frame.png\",\"contentUrl\":\"https:\/\/nettle.pl\/wp-content\/uploads\/2020\/10\/Frame.png\",\"width\":122,\"height\":12,\"caption\":\"Nettle S.A\"},\"image\":{\"@id\":\"https:\/\/nettle.pl\/en\/#\/schema\/logo\/image\/\"}}]}<\/script>\n<!-- \/ Yoast SEO plugin. -->","yoast_head_json":{"title":"Ekspedytor - Nettle S.A","robots":{"index":"index","follow":"follow","max-snippet":"max-snippet:-1","max-image-preview":"max-image-preview:large","max-video-preview":"max-video-preview:-1"},"canonical":"https:\/\/nettle.pl\/en\/o-nas\/ekspedytor\/","og_locale":"en_US","og_type":"article","og_title":"Ekspedytor - Nettle S.A","og_description":"Wr\u00f3\u0107 Ekspedytor ( miejsce pracy: Warszawa) Polski \u0443\u043a\u0440\u0430\u0457\u043d\u0441\u044c\u043a\u0430 Tw\u00f3j zakres obowi\u0105zk\u00f3w przyjmowanie przesy\u0142ek z wahad\u0142a (obs\u0142uga w\u00f3zka wid\u0142owego) sortowanie i skanowanie przesy\u0142ek wystawienie oraz zatwierdzanie dokument\u00f3w w systemie, przes\u0142anie raport\u00f3w do centrali kontrola i nadz\u00f3r dostaw planowanie tras lokalnych zwrot potwierdzonych dokument\u00f3w do archiwum praca w trybie zmianowym\u00a0 (5.00-13.00, 13.00-21.00, 21.00-5.00) Nasze wymagania \u015brednie wykszta\u0142cenie [&hellip;]","og_url":"https:\/\/nettle.pl\/en\/o-nas\/ekspedytor\/","og_site_name":"Nettle S.A","article_modified_time":"2024-01-05T12:43:07+00:00","twitter_card":"summary_large_image","twitter_misc":{"Est. reading time":"3 minutes"},"schema":{"@context":"https:\/\/schema.org","@graph":[{"@type":"WebPage","@id":"https:\/\/nettle.pl\/en\/o-nas\/ekspedytor\/","url":"https:\/\/nettle.pl\/en\/o-nas\/ekspedytor\/","name":"Ekspedytor - Nettle S.A","isPartOf":{"@id":"https:\/\/nettle.pl\/en\/#website"},"datePublished":"2024-01-05T12:03:06+00:00","dateModified":"2024-01-05T12:43:07+00:00","breadcrumb":{"@id":"https:\/\/nettle.pl\/en\/o-nas\/ekspedytor\/#breadcrumb"},"inLanguage":"en-US","potentialAction":[{"@type":"ReadAction","target":["https:\/\/nettle.pl\/en\/o-nas\/ekspedytor\/"]}]},{"@type":"BreadcrumbList","@id":"https:\/\/nettle.pl\/en\/o-nas\/ekspedytor\/#breadcrumb","itemListElement":[{"@type":"ListItem","position":1,"name":"O Nas","item":"https:\/\/nettle.pl\/en\/o-nas\/"},{"@type":"ListItem","position":2,"name":"Ekspedytor"}]},{"@type":"WebSite","@id":"https:\/\/nettle.pl\/en\/#website","url":"https:\/\/nettle.pl\/en\/","name":"Nettle S.A","description":"","publisher":{"@id":"https:\/\/nettle.pl\/en\/#organization"},"potentialAction":[{"@type":"SearchAction","target":{"@type":"EntryPoint","urlTemplate":"https:\/\/nettle.pl\/en\/?s={search_term_string}"},"query-input":"required name=search_term_string"}],"inLanguage":"en-US"},{"@type":"Organization","@id":"https:\/\/nettle.pl\/en\/#organization","name":"Nettle S.A","url":"https:\/\/nettle.pl\/en\/","logo":{"@type":"ImageObject","inLanguage":"en-US","@id":"https:\/\/nettle.pl\/en\/#\/schema\/logo\/image\/","url":"https:\/\/nettle.pl\/wp-content\/uploads\/2020\/10\/Frame.png","contentUrl":"https:\/\/nettle.pl\/wp-content\/uploads\/2020\/10\/Frame.png","width":122,"height":12,"caption":"Nettle S.A"},"image":{"@id":"https:\/\/nettle.pl\/en\/#\/schema\/logo\/image\/"}}]}},"_links":{"self":[{"href":"https:\/\/nettle.pl\/en\/wp-json\/wp\/v2\/pages\/8119"}],"collection":[{"href":"https:\/\/nettle.pl\/en\/wp-json\/wp\/v2\/pages"}],"about":[{"href":"https:\/\/nettle.pl\/en\/wp-json\/wp\/v2\/types\/page"}],"author":[{"embeddable":true,"href":"https:\/\/nettle.pl\/en\/wp-json\/wp\/v2\/users\/8"}],"replies":[{"embeddable":true,"href":"https:\/\/nettle.pl\/en\/wp-json\/wp\/v2\/comments?post=8119"}],"version-history":[{"count":5,"href":"https:\/\/nettle.pl\/en\/wp-json\/wp\/v2\/pages\/8119\/revisions"}],"predecessor-version":[{"id":8158,"href":"https:\/\/nettle.pl\/en\/wp-json\/wp\/v2\/pages\/8119\/revisions\/8158"}],"up":[{"embeddable":true,"href":"https:\/\/nettle.pl\/en\/wp-json\/wp\/v2\/pages\/10"}],"wp:attachment":[{"href":"https:\/\/nettle.pl\/en\/wp-json\/wp\/v2\/media?parent=8119"}],"curies":[{"name":"wp","href":"https:\/\/api.w.org\/{rel}","templated":true}]}}